{"id":2137,"date":"2020-12-22T16:18:24","date_gmt":"2020-12-22T15:18:24","guid":{"rendered":"https:\/\/www.camping-rochelambert.com\/?page_id=2137"},"modified":"2020-12-30T14:01:53","modified_gmt":"2020-12-30T13:01:53","slug":"umgebung-die-haute-loire","status":"publish","type":"page","link":"https:\/\/www.camping-rochelambert.com\/de\/umgebung-die-haute-loire\/","title":{"rendered":"Umgebung: Die Haute Loire"},"content":{"rendered":"<section id=\"section-5fb3ae43c9670\"\" class=\"section bg-white\" \/><div class=\"container extralarge\"><h1 class=\"element section-title center\">Besuchen Sie die Haute-Loire<\/h1><\/div><\/section>\n\n<section id=\"section-5fb3ae43c98f8\"\" class=\"section bg-color2 p-t-0 p-b-0\" \/><div class=\"container full\"><div class=\"colonnes-wrap valign-middle \"><div class=\"element colonne p-0\"><div class=\"element images scroll-x-mobile\"><div class=\"image\"><img decoding=\"async\" src=\"https:\/\/www.camping-rochelambert.com\/wp-content\/uploads\/2020\/12\/chateau-rochelambert-100x74.jpg\" data-src=\"https:\/\/www.camping-rochelambert.com\/wp-content\/uploads\/2020\/12\/chateau-rochelambert.jpg\" alt=\"Schloss rochelambert\" class=\"images_image\" \/><\/div><\/div><\/div><div class=\"element colonne p-x-8\"><h2 class=\"element section-title center\">Was zu sehen und zu tun in Haute-Loire ?<\/h2><div class=\"element bloc-text justify \">\n\t<p><strong class=\"bold color1\">300 Vulkane<\/strong> sind im S\u00fcden der Auvergne in Haute-Loire aufgelistet. Kommen Sie und machen Sie einen Spaziergang dorthin und genie\u00dfen Sie, was es vor Ort zu tun und zu sehen gibt. <\/p>\n<p>Gleich neben dem <a href=\"\/de\/\">Camping Auvergne<\/a> befindet sich der herrliche <strong class=\"bold color1\">Camping Canopy<\/strong> im Wald mit beeindruckenden Seilbahnen. In der Gemeinde Saint-Paulien finden Sie ein Go-Kart-, ein Paintball- und ein Wassersportzentrum. <\/p>\n<p>Wir haben einen <strong class=\"bold color1\">Wanderweg<\/strong> rund um den Campingplatz entdeckt, wir leihen Ihnen Karten und geben Ihnen alle Erkl\u00e4rungen, um ihn zu genie\u00dfen. Wir haben auch Wanderf\u00fchrer zum Ausleihen. <\/p>\n<p>Das <strong class=\"bold color1\">Burg der Rochelambert<\/strong> lehnt seit dem 11. Jahrhundert an seinem Basaltfelsen. 10 mn Fu\u00dfweg vom Eingang des Campingplatzes entfernt, wird Sie der Besuch durch seine Museumsst\u00fccke und die Sch\u00f6nheit seiner Konstruktion verzaubern. <\/p>\n<\/div><\/div><\/div><\/div><\/section>\n\n<section id=\"section-5fb3ae43c9b1e\"\" class=\"section bg-white p-t-0 p-b-0\" \/><div class=\"container full\"><div class=\"element images scroll-x-mobile\"><div class=\"image\"><img decoding=\"async\" src=\"https:\/\/www.camping-rochelambert.com\/wp-content\/uploads\/2020\/11\/lavoute-polignac-100x84.jpg\" data-src=\"https:\/\/www.camping-rochelambert.com\/wp-content\/uploads\/2020\/11\/lavoute-polignac.jpg\" alt=\"lavoute polignac\" class=\"images_image\" \/><\/div><div class=\"image\"><img decoding=\"async\" src=\"https:\/\/www.camping-rochelambert.com\/wp-content\/uploads\/2020\/11\/mont-mezenc-100x84.jpg\" data-src=\"https:\/\/www.camping-rochelambert.com\/wp-content\/uploads\/2020\/11\/mont-mezenc.jpg\" alt=\"mount m\u00e9zenc\" class=\"images_image\" \/><\/div><div class=\"image\"><img decoding=\"async\" src=\"https:\/\/www.camping-rochelambert.com\/wp-content\/uploads\/2020\/11\/potence-et-mont-bar-allegre-100x84.jpg\" data-src=\"https:\/\/www.camping-rochelambert.com\/wp-content\/uploads\/2020\/11\/potence-et-mont-bar-allegre.jpg\" alt=\"potence und mount bar all\u00e8gre\" class=\"images_image\" \/><\/div><div class=\"image\"><img decoding=\"async\" src=\"https:\/\/www.camping-rochelambert.com\/wp-content\/uploads\/2020\/11\/lac-du-bouchet-100x84.jpg\" data-src=\"https:\/\/www.camping-rochelambert.com\/wp-content\/uploads\/2020\/11\/lac-du-bouchet.jpg\" alt=\"see von bouchet\" class=\"images_image\" \/><\/div><\/div><\/div><\/section>\n\n<section id=\"section-5fb3a72228e22\"\" class=\"section bg-color2 p-t-0 p-b-0\" \/><div class=\"container full\"><div class=\"colonnes-wrap valign-middle \"><div class=\"element colonne p-x-8\"><h2 class=\"element section-title center\">Schl\u00f6sser in Haute-Loire<\/h2><div class=\"element bloc-text justify \">\n\t<p>Zwischen dem Campingplatz und Die <a href=\"https:\/\/www.camping-rochelambert.com\/de\/um-die-puy-en-velay\/\">Puy-en-Velay<\/a> erz\u00e4hlt Ihnen die Festung Saint-Vidal Geschichten aus der gro\u00dfen Geschichte Frankreichs. Auf Ihrer Wanderschaft werden Sie mindestens eine \u00dcberraschung pro Zimmer erleben! Eine <strong class=\"bold color1\">gro\u00dfe Show<\/strong> mit kost\u00fcmierten Schauspielern, Animationen, die die neuesten Technologien&#8230;<\/p>\n<p>An einem oder zwei Abenden in der Woche, in der Hochsaison, l\u00e4sst eine Show mit 200 Statisten einen historischen Angriff auf die Burg nacherleben. Es werden Erm\u00e4\u00dfigungen f\u00fcr die Benutzer des Campingplatzes angeboten.<\/p>\n<p>Ebenfalls 10 km vom Campingplatz entfernt l\u00e4dt die <strong class=\"bold color1\">Festung von Polignac<\/strong> dazu ein, das Mittelalter zu entdecken. Erbaut auf einem felsigen Vorgebirge, gesch\u00fctzt durch Klippen, hat es oft gegen Eindringlinge gek\u00e4mpft. Wir lieben den Aspekt der isolierten und befestigten Insel au\u00dferhalb der modernen Zeit. <\/p>\n<p>Ihre Kinder werden es lieben, die vom Tourismusb\u00fcro organisierte Schatzsuche zu erkunden und zu spielen.<\/p>\n<p><strong class=\"bold color1\">Mundane Notizbuch :<\/strong> Es ist ein Polignac, der durch die Heirat mit einer Grimaldi einen Sohn bekommt, der F\u00fcrst Rainier, Vater von F\u00fcrst Albert, dem aktuellen Herrscher des F\u00fcrstentums Monaco, sein wird. <\/p>\n<p>In der N\u00e4he des Campingplatzes besuchen Sie <strong class=\"bold color1\">All\u00e8gre und seinen Galgen<\/strong>. Dies ist ein einzigartiger Steinrahmen f\u00fcr Ihre Panoramafotos des Velay-Plateaus und seiner Vulkane in der Auvergne. Direkt vor dem Dorf befindet sich der Mont Bar, dessen Rundweg um den Krater ein Torfmoor mit seiner wertvollen Flora zeigt. Die leichte Wanderung von ca. 2 Stunden ist mit R\u00e4tseltafeln f\u00fcr Kinder unterbrochen.<br \/>\nEs gibt noch viele Orte mit Schl\u00f6ssern zu besuchen. <\/p>\n<\/div><\/div><div class=\"element colonne p-0\"><div class=\"element images scroll-x-mobile\"><div class=\"image\"><img decoding=\"async\" src=\"https:\/\/www.camping-rochelambert.com\/wp-content\/uploads\/2020\/11\/forteresse-de-polignac-100x79.jpg\" data-src=\"https:\/\/www.camping-rochelambert.com\/wp-content\/uploads\/2020\/11\/forteresse-de-polignac.jpg\" alt=\"Hochburg von polignac\" class=\"images_image\" \/><\/div><\/div><\/div><\/div><\/div><\/section>\n\n<section id=\"section-5fb3a725560e8\"\" class=\"section bg-color2 p-t-0 p-b-0\" \/><div class=\"container full\"><div class=\"colonnes-wrap valign-middle \"><div class=\"element colonne p-0\"><div class=\"element images scroll-x-mobile\"><div class=\"image\"><img decoding=\"async\" src=\"https:\/\/www.camping-rochelambert.com\/wp-content\/uploads\/2020\/11\/la-chaise-dieu-100x79.jpg\" data-src=\"https:\/\/www.camping-rochelambert.com\/wp-content\/uploads\/2020\/11\/la-chaise-dieu.jpg\" alt=\"die chaise dieu\" class=\"images_image\" \/><\/div><\/div><\/div><div class=\"element colonne p-x-8\"><h2 class=\"element section-title center\">Andere Besuche in Haute-Loire<\/h2><div class=\"element bloc-text justify \">\n\t<p>Wir lieben den <strong class=\"bold color1\">see von Bouchet<\/strong> ! Eine perfekte Runde, umgeben von dichtem Gr\u00fcn. Es ist die perfekte Illustration dessen, was ein Vulkansee ist. Nehmen Sie Ihren Badeanzug, wir k\u00f6nnen darin schwimmen. <\/p>\n<p>Auf dem Weg dorthin ist ein Halt am Beaume-Wasserfall ein Muss. Sein eleganter grauer Wasservorhang kann nach einem kurzen 20-min\u00fctigen Spaziergang entdeckt werden.  <\/p>\n<p><Die Chaise-Dieu<\/strong> ist ber\u00fchmt f\u00fcr sein Musikfestival. Das ganze Jahr \u00fcber k\u00f6nnen Sie bei gef\u00fchrten Touren einen Ort voller Glauben und Geschichten entdecken, die mehr als 1000 Jahre zur\u00fcckreichen. Ein Papst ist dort begraben, ein Fresko mit einem makabren Tanz, Wandteppiche aus dem 15. Jahrhundert, ein Kreuzgang werden Ihnen offenbart. <\/p>\n<p>Die <strong class=\"bold color1\">Gorges der Allier<\/strong> sind wirklich sch\u00f6n und wild. Wir empfehlen Ihnen, sie mit dem Kanu oder Rafting zu befahren. Die <strong class=\"bold color1\">Gorges der jungen Loire<\/strong> bieten sch\u00f6ne Landschaften und einige Flussbadestr\u00e4nde. <\/p>\n<p>Etwas weiter trennt der Berg M\u00e9zenc (sprich: [m\u00e9zin]) die Haute-Loire von der Ard\u00e8che. Nur 45 Minuten vom Campingplatz entfernt k\u00f6nnen Sie im Lugik-Park Sommerrodeln spielen oder eine Berglandschaft mit einer unglaublichen Aussicht erleben, die bis zu den Alpen reicht. Es gibt viele sch\u00f6ne Wanderungen auf und um diesen Gipfel zu machen.  <\/p>\n<\/div><\/div><\/div><\/div><\/section>\n\n<section id=\"section-5fb3ae43ca1b6\"\" class=\"section bg-white p-b-0\" \/><div class=\"container extralarge\"><div class=\"element section-title center\">Entdecken Sie die Umgebung der Haute-Loire<\/div><ul class=\"liste-de-page\"><li class=\"element call-to-action center call-to-action--style-1 call-to-action--normal\"><a href=\"https:\/\/www.camping-rochelambert.com\/de\/um-die-puy-en-velay\/\"  class=\"call-to-action_link\" title=\"Erfahren Sie mehr \u00fcber le puy-en-velay\"><div class=\"call-to-action_image\"><img decoding=\"async\" src=\"https:\/\/www.camping-rochelambert.com\/wp-content\/uploads\/2020\/11\/puy-en-velay-100x75.jpg\" data-src=\"https:\/\/www.camping-rochelambert.com\/wp-content\/uploads\/2020\/11\/puy-en-velay.jpg\" alt=\"puy en velay\" class=\"normal\" \/><\/div><div class=\"call-to-action_contenu\"><div class=\"call-to-action_titre\">Le Puy-en-Velay<\/div><\/div><\/a><\/li><li class=\"element call-to-action center call-to-action--style-1 call-to-action--normal call-to-action--style-1 call-to-action--normal\"><a href=\"https:\/\/www.camping-rochelambert.com\/de\/campingplatz-oekologie\/\"  class=\"call-to-action_link\" title=\"Erfahren Sie mehr \u00fcber \u00d6kologie\"><div class=\"call-to-action_image\"><img decoding=\"async\" src=\"https:\/\/www.camping-rochelambert.com\/wp-content\/uploads\/2020\/11\/plantation-jardin-2-100x84.jpg\" data-src=\"https:\/\/www.camping-rochelambert.com\/wp-content\/uploads\/2020\/11\/plantation-jardin-2.jpg\" alt=\"plantation jardin\" class=\"normal\" \/><\/div><div class=\"call-to-action_contenu\"><div class=\"call-to-action_titre\">\u00d6kologie<\/div><\/div><\/a><\/li><li class=\"element call-to-action center call-to-action--style-1 call-to-action--normal call-to-action--style-1 call-to-action--normal call-to-action--style-1 call-to-action--normal\"><a href=\"https:\/\/www.camping-rochelambert.com\/de\/wasser-riverside\/\"  class=\"call-to-action_link\" title=\"Erfahren Sie mehr \u00fcber das flussufer\"><div class=\"call-to-action_image\"><img decoding=\"async\" src=\"https:\/\/www.camping-rochelambert.com\/wp-content\/uploads\/2020\/11\/enfant-peche-famille-100x75.jpg\" data-src=\"https:\/\/www.camping-rochelambert.com\/wp-content\/uploads\/2020\/11\/enfant-peche-famille.jpg\" alt=\"enfant peche famille\" class=\"normal\" \/><\/div><div class=\"call-to-action_contenu\"><div class=\"call-to-action_titre\">Das Flussufer<\/div><\/div><\/a><\/li><\/ul><\/div><\/section>","protected":false},"excerpt":{"rendered":"","protected":false},"author":1,"featured_media":1864,"parent":0,"menu_order":0,"comment_status":"closed","ping_status":"closed","template":"","meta":{"_acf_changed":false,"footnotes":""},"class_list":["post-2137","page","type-page","status-publish","has-post-thumbnail","hentry"],"acf":[],"yoast_head":"<!-- This site is optimized with the Yoast SEO plugin v25.3 - https:\/\/yoast.com\/wordpress\/plugins\/seo\/ -->\n<title>Camping Haute-Loire | Entdecken Sie die Haute-Loire | Besuchen Sie die Haute-Loire (43)<\/title>\n<meta name=\"robots\" content=\"index, follow, max-snippet:-1, max-image-preview:large, max-video-preview:-1\" \/>\n<link rel=\"canonical\" href=\"https:\/\/www.camping-rochelambert.com\/de\/umgebung-die-haute-loire\/\" \/>\n<meta property=\"og:locale\" content=\"de_DE\" \/>\n<meta property=\"og:type\" content=\"article\" \/>\n<meta property=\"og:title\" content=\"Camping Haute-Loire | Entdecken Sie die Haute-Loire | Besuchen Sie die Haute-Loire (43)\" \/>\n<meta property=\"og:url\" content=\"https:\/\/www.camping-rochelambert.com\/de\/umgebung-die-haute-loire\/\" \/>\n<meta property=\"og:site_name\" content=\"Camping Rochelambert\" \/>\n<meta property=\"article:modified_time\" content=\"2020-12-30T13:01:53+00:00\" \/>\n<meta property=\"og:image\" content=\"https:\/\/www.camping-rochelambert.com\/wp-content\/uploads\/2020\/12\/pays-haute-loire.jpg\" \/>\n\t<meta property=\"og:image:width\" content=\"1903\" \/>\n\t<meta property=\"og:image:height\" content=\"450\" \/>\n\t<meta property=\"og:image:type\" content=\"image\/jpeg\" \/>\n<meta name=\"twitter:card\" content=\"summary_large_image\" \/>\n<script type=\"application\/ld+json\" class=\"yoast-schema-graph\">{\"@context\":\"https:\/\/schema.org\",\"@graph\":[{\"@type\":\"WebPage\",\"@id\":\"https:\/\/www.camping-rochelambert.com\/de\/umgebung-die-haute-loire\/\",\"url\":\"https:\/\/www.camping-rochelambert.com\/de\/umgebung-die-haute-loire\/\",\"name\":\"Camping Haute-Loire | Entdecken Sie die Haute-Loire | Besuchen Sie die Haute-Loire (43)\",\"isPartOf\":{\"@id\":\"https:\/\/www.camping-rochelambert.com\/de\/#website\"},\"primaryImageOfPage\":{\"@id\":\"https:\/\/www.camping-rochelambert.com\/de\/umgebung-die-haute-loire\/#primaryimage\"},\"image\":{\"@id\":\"https:\/\/www.camping-rochelambert.com\/de\/umgebung-die-haute-loire\/#primaryimage\"},\"thumbnailUrl\":\"https:\/\/www.camping-rochelambert.com\/wp-content\/uploads\/2020\/12\/pays-haute-loire.jpg\",\"datePublished\":\"2020-12-22T15:18:24+00:00\",\"dateModified\":\"2020-12-30T13:01:53+00:00\",\"breadcrumb\":{\"@id\":\"https:\/\/www.camping-rochelambert.com\/de\/umgebung-die-haute-loire\/#breadcrumb\"},\"inLanguage\":\"de\",\"potentialAction\":[{\"@type\":\"ReadAction\",\"target\":[\"https:\/\/www.camping-rochelambert.com\/de\/umgebung-die-haute-loire\/\"]}]},{\"@type\":\"ImageObject\",\"inLanguage\":\"de\",\"@id\":\"https:\/\/www.camping-rochelambert.com\/de\/umgebung-die-haute-loire\/#primaryimage\",\"url\":\"https:\/\/www.camping-rochelambert.com\/wp-content\/uploads\/2020\/12\/pays-haute-loire.jpg\",\"contentUrl\":\"https:\/\/www.camping-rochelambert.com\/wp-content\/uploads\/2020\/12\/pays-haute-loire.jpg\",\"width\":1903,\"height\":450,\"caption\":\"pays haute-loire\"},{\"@type\":\"BreadcrumbList\",\"@id\":\"https:\/\/www.camping-rochelambert.com\/de\/umgebung-die-haute-loire\/#breadcrumb\",\"itemListElement\":[{\"@type\":\"ListItem\",\"position\":1,\"name\":\"Camping Haute-Loire\",\"item\":\"https:\/\/www.camping-rochelambert.com\/de\/\"},{\"@type\":\"ListItem\",\"position\":2,\"name\":\"Entdecken sie die Haute-Loire\"}]},{\"@type\":\"WebSite\",\"@id\":\"https:\/\/www.camping-rochelambert.com\/de\/#website\",\"url\":\"https:\/\/www.camping-rochelambert.com\/de\/\",\"name\":\"Camping Rochelambert\",\"description\":\"\",\"potentialAction\":[{\"@type\":\"SearchAction\",\"target\":{\"@type\":\"EntryPoint\",\"urlTemplate\":\"https:\/\/www.camping-rochelambert.com\/de\/?s={search_term_string}\"},\"query-input\":{\"@type\":\"PropertyValueSpecification\",\"valueRequired\":true,\"valueName\":\"search_term_string\"}}],\"inLanguage\":\"de\"}]}<\/script>\n<!-- \/ Yoast SEO plugin. -->","yoast_head_json":{"title":"Camping Haute-Loire | Entdecken Sie die Haute-Loire | Besuchen Sie die Haute-Loire (43)","robots":{"index":"index","follow":"follow","max-snippet":"max-snippet:-1","max-image-preview":"max-image-preview:large","max-video-preview":"max-video-preview:-1"},"canonical":"https:\/\/www.camping-rochelambert.com\/de\/umgebung-die-haute-loire\/","og_locale":"de_DE","og_type":"article","og_title":"Camping Haute-Loire | Entdecken Sie die Haute-Loire | Besuchen Sie die Haute-Loire (43)","og_url":"https:\/\/www.camping-rochelambert.com\/de\/umgebung-die-haute-loire\/","og_site_name":"Camping Rochelambert","article_modified_time":"2020-12-30T13:01:53+00:00","og_image":[{"width":1903,"height":450,"url":"https:\/\/www.camping-rochelambert.com\/wp-content\/uploads\/2020\/12\/pays-haute-loire.jpg","type":"image\/jpeg"}],"twitter_card":"summary_large_image","schema":{"@context":"https:\/\/schema.org","@graph":[{"@type":"WebPage","@id":"https:\/\/www.camping-rochelambert.com\/de\/umgebung-die-haute-loire\/","url":"https:\/\/www.camping-rochelambert.com\/de\/umgebung-die-haute-loire\/","name":"Camping Haute-Loire | Entdecken Sie die Haute-Loire | Besuchen Sie die Haute-Loire (43)","isPartOf":{"@id":"https:\/\/www.camping-rochelambert.com\/de\/#website"},"primaryImageOfPage":{"@id":"https:\/\/www.camping-rochelambert.com\/de\/umgebung-die-haute-loire\/#primaryimage"},"image":{"@id":"https:\/\/www.camping-rochelambert.com\/de\/umgebung-die-haute-loire\/#primaryimage"},"thumbnailUrl":"https:\/\/www.camping-rochelambert.com\/wp-content\/uploads\/2020\/12\/pays-haute-loire.jpg","datePublished":"2020-12-22T15:18:24+00:00","dateModified":"2020-12-30T13:01:53+00:00","breadcrumb":{"@id":"https:\/\/www.camping-rochelambert.com\/de\/umgebung-die-haute-loire\/#breadcrumb"},"inLanguage":"de","potentialAction":[{"@type":"ReadAction","target":["https:\/\/www.camping-rochelambert.com\/de\/umgebung-die-haute-loire\/"]}]},{"@type":"ImageObject","inLanguage":"de","@id":"https:\/\/www.camping-rochelambert.com\/de\/umgebung-die-haute-loire\/#primaryimage","url":"https:\/\/www.camping-rochelambert.com\/wp-content\/uploads\/2020\/12\/pays-haute-loire.jpg","contentUrl":"https:\/\/www.camping-rochelambert.com\/wp-content\/uploads\/2020\/12\/pays-haute-loire.jpg","width":1903,"height":450,"caption":"pays haute-loire"},{"@type":"BreadcrumbList","@id":"https:\/\/www.camping-rochelambert.com\/de\/umgebung-die-haute-loire\/#breadcrumb","itemListElement":[{"@type":"ListItem","position":1,"name":"Camping Haute-Loire","item":"https:\/\/www.camping-rochelambert.com\/de\/"},{"@type":"ListItem","position":2,"name":"Entdecken sie die Haute-Loire"}]},{"@type":"WebSite","@id":"https:\/\/www.camping-rochelambert.com\/de\/#website","url":"https:\/\/www.camping-rochelambert.com\/de\/","name":"Camping Rochelambert","description":"","potentialAction":[{"@type":"SearchAction","target":{"@type":"EntryPoint","urlTemplate":"https:\/\/www.camping-rochelambert.com\/de\/?s={search_term_string}"},"query-input":{"@type":"PropertyValueSpecification","valueRequired":true,"valueName":"search_term_string"}}],"inLanguage":"de"}]}},"_links":{"self":[{"href":"https:\/\/www.camping-rochelambert.com\/de\/wp-json\/wp\/v2\/pages\/2137"}],"collection":[{"href":"https:\/\/www.camping-rochelambert.com\/de\/wp-json\/wp\/v2\/pages"}],"about":[{"href":"https:\/\/www.camping-rochelambert.com\/de\/wp-json\/wp\/v2\/types\/page"}],"author":[{"embeddable":true,"href":"https:\/\/www.camping-rochelambert.com\/de\/wp-json\/wp\/v2\/users\/1"}],"replies":[{"embeddable":true,"href":"https:\/\/www.camping-rochelambert.com\/de\/wp-json\/wp\/v2\/comments?post=2137"}],"version-history":[{"count":10,"href":"https:\/\/www.camping-rochelambert.com\/de\/wp-json\/wp\/v2\/pages\/2137\/revisions"}],"predecessor-version":[{"id":3249,"href":"https:\/\/www.camping-rochelambert.com\/de\/wp-json\/wp\/v2\/pages\/2137\/revisions\/3249"}],"wp:featuredmedia":[{"embeddable":true,"href":"https:\/\/www.camping-rochelambert.com\/de\/wp-json\/wp\/v2\/media\/1864"}],"wp:attachment":[{"href":"https:\/\/www.camping-rochelambert.com\/de\/wp-json\/wp\/v2\/media?parent=2137"}],"curies":[{"name":"wp","href":"https:\/\/api.w.org\/{rel}","templated":true}]}}