{"id":2222,"date":"2020-12-28T08:25:56","date_gmt":"2020-12-28T07:25:56","guid":{"rendered":"https:\/\/www.camping-rochelambert.com\/?page_id=2222"},"modified":"2025-10-13T13:50:36","modified_gmt":"2025-10-13T11:50:36","slug":"home","status":"publish","type":"page","link":"https:\/\/www.camping-rochelambert.com\/de\/","title":{"rendered":"Home"},"content":{"rendered":"<section id=\"section-5faa6420c3ecc\"\" class=\"section home-first bg-white\" \/><div class=\"container extralarge\"><div class=\"colonnes-wrap valign-middle \"><div class=\"element colonne \"><div class=\"element images scroll-x-mobile\"><div class=\"image\"><img decoding=\"async\" src=\"https:\/\/www.camping-rochelambert.com\/wp-content\/uploads\/2020\/11\/camping-rochelambert-deco-home-first-green-version-100x33.png\" data-src=\"https:\/\/www.camping-rochelambert.com\/wp-content\/uploads\/2020\/11\/camping-rochelambert-deco-home-first-green-version.png\" alt=\"ALT\" class=\"images_image\" \/><\/div><\/div><div class=\"element bloc-text left \">\n\t<h1>4 Sterne Campingplatz bei Le Puy en Velay in Haute Loire<\/h1>\n<\/div><div class=\"element section-title left\">MAGALI &#038; MICHEL <span>  begr\u00fc\u00dfen Sie <\/span><\/div><\/div><div class=\"element colonne \"><div class=\"element images scroll-x-mobile\"><div class=\"image\"><img decoding=\"async\" src=\"https:\/\/www.camping-rochelambert.com\/wp-content\/uploads\/2020\/11\/camping-rochelambert-image-home-first-2-95x100.jpg\" data-src=\"https:\/\/www.camping-rochelambert.com\/wp-content\/uploads\/2020\/11\/camping-rochelambert-image-home-first-2.jpg\" alt=\"\" class=\"images_image\" \/><\/div><\/div><div class=\"element images scroll-x-mobile\"><div class=\"image\"><img decoding=\"async\" src=\"https:\/\/www.camping-rochelambert.com\/wp-content\/uploads\/2020\/11\/camping-rochelambert-image-home-first-1-1-75x100.jpg\" data-src=\"https:\/\/www.camping-rochelambert.com\/wp-content\/uploads\/2020\/11\/camping-rochelambert-image-home-first-1-1.jpg\" alt=\"\" class=\"images_image\" \/><\/div><\/div><\/div><div class=\"element colonne \"><div class=\"element bloc-text left \">\n\t<p>Entdecken Sie unseren Campingplatz und seine gro\u00dfen schattigen oder sonnigen Stellpl\u00e4tze. In diesem <strong class=\"bold color1\">gr\u00fcnen und ruhigen Bereich<\/strong> k\u00f6nnen Sie spielen oder tr\u00e4umen. Tanken Sie neue Energie, indem Sie in einem Park voller B\u00e4ume und Blumen frische Luft schnappen. Sie werden auch die Vorteile des \u00fcberdachten und beheizten Swimmingpools nutzen.  <\/p>\n<p>In der N\u00e4he von Le Puy-en-Velay liegt unser Campingplatz ruhig in einer<strong class=\"bold color1\"> gesch\u00fctzten Natur<\/strong>. Sie werden auch die Haute-Loire entdecken: das bestgeh\u00fctete Geheimnis der Auvergne. <\/p>\n<\/div><\/div><\/div><\/div><\/section>\n\n<section id=\"section-5faa6420c41af\"\" class=\"section home-second bg-color2\" \/><div class=\"container full\"><h2 class=\"element section-title left\">der Campingplatz<\/h2><div class=\"element bloc-text left sous-titre\">\n\t<p>Entdecken Sie unseren Campingplatz, Dienstleistungen, \u00f6kologische &amp; Aktivit\u00e4ten<\/p>\n<\/div><ul class=\"liste-de-page\"><li class=\"element call-to-action sous-titre call-to-action--style-1 call-to-action--big\"><a href=\"https:\/\/www.camping-rochelambert.com\/de\/campingplatz-aktivitaeten\/\"  class=\"call-to-action_link\" title=\"Erfahren Sie mehr \u00fcber was wir tun\"><div class=\"call-to-action_image\"><img decoding=\"async\" src=\"https:\/\/www.camping-rochelambert.com\/wp-content\/uploads\/2020\/11\/camping-rochelambert-cta-activites-100x77.jpg\" data-src=\"https:\/\/www.camping-rochelambert.com\/wp-content\/uploads\/2020\/11\/camping-rochelambert-cta-activites.jpg\" alt=\"\" class=\"big\" \/><\/div><div class=\"call-to-action_contenu\"><div class=\"call-to-action_titre\">Was wir tun<\/div><\/div><\/a><\/li><li class=\"element call-to-action sous-titre call-to-action--style-1 call-to-action--big call-to-action--style-1 call-to-action--big\"><a href=\"https:\/\/www.camping-rochelambert.com\/de\/campingplatz-oekologie\/\"  class=\"call-to-action_link\" title=\"Erfahren Sie mehr \u00fcber \u00d6kologie\"><div class=\"call-to-action_image\"><img decoding=\"async\" src=\"https:\/\/www.camping-rochelambert.com\/wp-content\/uploads\/2020\/11\/plantation-jardin-2-100x84.jpg\" data-src=\"https:\/\/www.camping-rochelambert.com\/wp-content\/uploads\/2020\/11\/plantation-jardin-2.jpg\" alt=\"plantation jardin\" class=\"big\" \/><\/div><div class=\"call-to-action_contenu\"><div class=\"call-to-action_titre\">\u00d6kologie<\/div><\/div><\/a><\/li><li class=\"element call-to-action sous-titre call-to-action--style-1 call-to-action--big call-to-action--style-1 call-to-action--big call-to-action--style-1 call-to-action--big\"><a href=\"https:\/\/www.camping-rochelambert.com\/de\/campingplatz-dienstleistungencamp\/\"  class=\"call-to-action_link\" title=\"Erfahren Sie mehr \u00fcber unser service\"><div class=\"call-to-action_image\"><img decoding=\"async\" src=\"https:\/\/www.camping-rochelambert.com\/wp-content\/uploads\/2020\/11\/camping-rochelambert-cta-services-100x77.jpg\" data-src=\"https:\/\/www.camping-rochelambert.com\/wp-content\/uploads\/2020\/11\/camping-rochelambert-cta-services.jpg\" alt=\"\" class=\"big\" \/><\/div><div class=\"call-to-action_contenu\"><div class=\"call-to-action_titre\">Unser Service<\/div><\/div><\/a><\/li><\/ul><\/div><\/section>\n\n<section id=\"section-5faa6420c458b\"\" class=\"section home-third bg-white\" \/><div class=\"container extralarge\"><div class=\"colonnes-wrap valign-middle \"><div class=\"element colonne \"><h2 class=\"element section-title left\">rund um das Wasser <span> Ihr Zeltplatz am Fluss <\/span><\/h2><div class=\"element bloc-text left \">\n\t<p>Unsere Urlauber sagen uns alle, dass die <a href=\"https:\/\/www.camping-rochelambert.com\/de\/wasser-riverside\/\">Flusslandschaft<\/a> und das sch\u00f6ne Hallenbad zwei der H\u00f6hepunkte ihres Urlaubsvergn\u00fcgens sind. Ob Sie die Zeit in einer H\u00e4ngematte am Wasser verbringen oder auf einer Sonnenliege im Solarium faulenzen, es geht nur darum, Spa\u00df am Wasser zu haben! <\/p>\n<\/div><\/div><div class=\"element colonne \"><div class=\"element call-to-action  call-to-action--style-1 call-to-action--big\"><a href=\"https:\/\/www.camping-rochelambert.com\/de\/wasser-wasserflaeche\/\"  class=\"call-to-action_link\" title=\"Erfahren Sie mehr \u00fcber der pool\"><div class=\"call-to-action_image\"><img decoding=\"async\" src=\"https:\/\/www.camping-rochelambert.com\/wp-content\/uploads\/2020\/11\/camping-rochelambert-cta-piscine-84x100.jpg\" data-src=\"https:\/\/www.camping-rochelambert.com\/wp-content\/uploads\/2020\/11\/camping-rochelambert-cta-piscine.jpg\" alt=\"\" class=\"big\" \/><\/div><div class=\"call-to-action_contenu\"><div class=\"call-to-action_titre\">der Pool<\/div><\/div><\/a><\/div><\/div><div class=\"element colonne \"><div class=\"element call-to-action  call-to-action--style-1 call-to-action--big\"><a href=\"https:\/\/www.camping-rochelambert.com\/de\/wasser-riverside\/\"  class=\"call-to-action_link\" title=\"Erfahren Sie mehr \u00fcber der fluss\"><div class=\"call-to-action_image\"><img decoding=\"async\" src=\"https:\/\/www.camping-rochelambert.com\/wp-content\/uploads\/2020\/11\/camping-rochelambert-cta-riviere-84x100.jpg\" data-src=\"https:\/\/www.camping-rochelambert.com\/wp-content\/uploads\/2020\/11\/camping-rochelambert-cta-riviere.jpg\" alt=\"\" class=\"big\" \/><\/div><div class=\"call-to-action_contenu\"><div class=\"call-to-action_titre\">der Fluss<\/div><\/div><\/a><\/div><\/div><\/div><\/div><\/section>\n\n<section id=\"section-5faa6420c484c\"\" class=\"section home-fourth bg-color2\" \/><div class=\"container full\"><h2 class=\"element section-title center\">Vermietungen<\/h2><div class=\"element bloc-text center sous-titre\">\n\t<p>unsere Standorte &amp; Standorte<\/p>\n<\/div><ul class=\"liste-de-page\"><li class=\"element call-to-action sous-titre call-to-action--style-1 call-to-action--big\"><a href=\"https:\/\/www.camping-rochelambert.com\/de\/unterbringung-stellplaetze\/\"  class=\"call-to-action_link\" title=\"Erfahren Sie mehr \u00fcber unsere standorte\"><div class=\"call-to-action_image\"><img decoding=\"async\" src=\"https:\/\/www.camping-rochelambert.com\/wp-content\/uploads\/2020\/11\/camping-rochelambert-cta-emplacements-76x100.jpg\" data-src=\"https:\/\/www.camping-rochelambert.com\/wp-content\/uploads\/2020\/11\/camping-rochelambert-cta-emplacements.jpg\" alt=\"\" class=\"big\" \/><\/div><div class=\"call-to-action_contenu\"><div class=\"call-to-action_titre\">Unsere Standorte<\/div><\/div><\/a><\/li><li class=\"element call-to-action sous-titre call-to-action--style-1 call-to-action--big call-to-action--style-1 call-to-action--big\"><a href=\"https:\/\/www.camping-rochelambert.com\/de\/unterbringung-vermietungen\/\"  class=\"call-to-action_link\" title=\"Erfahren Sie mehr \u00fcber unsere vermietungen\"><div class=\"call-to-action_image\"><img decoding=\"async\" src=\"https:\/\/www.camping-rochelambert.com\/wp-content\/uploads\/2020\/11\/camping-rochelambert-cta-mobil-home-91x100.jpg\" data-src=\"https:\/\/www.camping-rochelambert.com\/wp-content\/uploads\/2020\/11\/camping-rochelambert-cta-mobil-home.jpg\" alt=\"\" class=\"big\" \/><\/div><div class=\"call-to-action_contenu\"><div class=\"call-to-action_titre\">Unsere Vermietungen<\/div><\/div><\/a><\/li><li class=\"element call-to-action sous-titre call-to-action--style-1 call-to-action--big call-to-action--style-1 call-to-action--big call-to-action--style-1 call-to-action--big\"><a href=\"https:\/\/www.camping-rochelambert.com\/de\/unterbringung-preise-sonderangebote\/\"  class=\"call-to-action_link\" title=\"Erfahren Sie mehr \u00fcber in tarifen\"><div class=\"call-to-action_image\"><img decoding=\"async\" src=\"https:\/\/www.camping-rochelambert.com\/wp-content\/uploads\/2020\/12\/tarifs-rochelambert-91x100.jpg\" data-src=\"https:\/\/www.camping-rochelambert.com\/wp-content\/uploads\/2020\/12\/tarifs-rochelambert.jpg\" alt=\"tarifs rochelambert\" class=\"big\" \/><\/div><div class=\"call-to-action_contenu\"><div class=\"call-to-action_titre\">In Tarifen<\/div><\/div><\/a><\/li><\/ul><\/div><\/section>\n\n<section id=\"section-5faa6420c4c19\"\" class=\"section home-fifth bg-white\" \/><div class=\"container extralarge\"><div class=\"colonnes-wrap valign-top \"><div class=\"element colonne \"><div class=\"element call-to-action  call-to-action--style-1 call-to-action--big\"><a href=\"https:\/\/www.camping-rochelambert.com\/de\/umgebung-die-haute-loire\/\"  class=\"call-to-action_link\" title=\"Erfahren Sie mehr \u00fcber die haute loire\"><div class=\"call-to-action_image\"><img decoding=\"async\" src=\"https:\/\/www.camping-rochelambert.com\/wp-content\/uploads\/2020\/11\/camping-rochelambert-cta-alentours-haute-loire-84x100.jpg\" data-src=\"https:\/\/www.camping-rochelambert.com\/wp-content\/uploads\/2020\/11\/camping-rochelambert-cta-alentours-haute-loire.jpg\" alt=\"\" class=\"big\" \/><\/div><div class=\"call-to-action_contenu\"><div class=\"call-to-action_titre\">die haute loire<\/div><\/div><\/a><\/div><\/div><div class=\"element colonne \"><div class=\"element call-to-action  call-to-action--style-1 call-to-action--big\"><a href=\"https:\/\/www.camping-rochelambert.com\/de\/um-die-puy-en-velay\/\"  class=\"call-to-action_link\" title=\"Erfahren Sie mehr \u00fcber die puy en velay\"><div class=\"call-to-action_image\"><img decoding=\"async\" src=\"https:\/\/www.camping-rochelambert.com\/wp-content\/uploads\/2020\/11\/camping-rochelambert-cta-alentours-puy-en-velay-84x100.jpg\" data-src=\"https:\/\/www.camping-rochelambert.com\/wp-content\/uploads\/2020\/11\/camping-rochelambert-cta-alentours-puy-en-velay.jpg\" alt=\"\" class=\"big\" \/><\/div><div class=\"call-to-action_contenu\"><div class=\"call-to-action_titre\">die puy en velay<\/div><\/div><\/a><\/div><\/div><div class=\"element colonne \"><h2 class=\"element section-title left\">die Region <\/h2><div class=\"element bloc-text left sous-titre\">\n\t<p>Ihr Campingplatz am Flussufer<\/p>\n<\/div><div class=\"element bloc-text left \">\n\t<p>Unterhalb des Campingplatzes ist es gr\u00fcn, es ist ruhig, es ist ein gesch\u00fctzter Ort, in dem ein kleiner Fluss flie\u00dft. Sie werden dort tr\u00e4umen oder spielen. Entlang des Flussufers ist eine Holzterrasse installiert. Dort warten eine Riesenh\u00e4ngematte oder einzelne H\u00e4ngematten auf Sie.<\/p>\n<p>Haben Sie schon einmal Flusskrebse geangelt? Wir leihen Ihnen Waagen und geben Ihnen alle Informationen, die Sie ben\u00f6tigen.<\/p>\n<\/div><\/div><\/div><\/div><\/section>","protected":false},"excerpt":{"rendered":"","protected":false},"author":1,"featured_media":1831,"parent":0,"menu_order":0,"comment_status":"closed","ping_status":"closed","template":"","meta":{"_acf_changed":false,"footnotes":""},"class_list":["post-2222","page","type-page","status-publish","has-post-thumbnail","hentry"],"acf":[],"yoast_head":"<!-- This site is optimized with the Yoast SEO plugin v25.3 - https:\/\/yoast.com\/wordpress\/plugins\/seo\/ -->\n<title>Camping Haute-Loire | Camping Rochelambert | Camping st paulien<\/title>\n<meta name=\"robots\" content=\"index, follow, max-snippet:-1, max-image-preview:large, max-video-preview:-1\" \/>\n<link rel=\"canonical\" href=\"https:\/\/www.camping-rochelambert.com\/de\/\" \/>\n<meta property=\"og:locale\" content=\"de_DE\" \/>\n<meta property=\"og:type\" content=\"article\" \/>\n<meta property=\"og:title\" content=\"Camping Haute-Loire | Camping Rochelambert | Camping st paulien\" \/>\n<meta property=\"og:url\" content=\"https:\/\/www.camping-rochelambert.com\/de\/\" \/>\n<meta property=\"og:site_name\" content=\"Camping Rochelambert\" \/>\n<meta property=\"article:modified_time\" content=\"2025-10-13T11:50:36+00:00\" \/>\n<meta property=\"og:image\" content=\"https:\/\/www.camping-rochelambert.com\/wp-content\/uploads\/2020\/11\/camping-rochelambert-banner-img.jpg\" \/>\n\t<meta property=\"og:image:width\" content=\"1947\" \/>\n\t<meta property=\"og:image:height\" content=\"1079\" \/>\n\t<meta property=\"og:image:type\" content=\"image\/jpeg\" \/>\n<meta name=\"twitter:card\" content=\"summary_large_image\" \/>\n<meta name=\"twitter:label1\" content=\"Gesch\u00e4tzte Lesezeit\" \/>\n\t<meta name=\"twitter:data1\" content=\"1\u00a0Minute\" \/>\n<script type=\"application\/ld+json\" class=\"yoast-schema-graph\">{\"@context\":\"https:\/\/schema.org\",\"@graph\":[{\"@type\":\"WebPage\",\"@id\":\"https:\/\/www.camping-rochelambert.com\/de\/\",\"url\":\"https:\/\/www.camping-rochelambert.com\/de\/\",\"name\":\"Camping Haute-Loire | Camping Rochelambert | Camping st paulien\",\"isPartOf\":{\"@id\":\"https:\/\/www.camping-rochelambert.com\/de\/#website\"},\"primaryImageOfPage\":{\"@id\":\"https:\/\/www.camping-rochelambert.com\/de\/#primaryimage\"},\"image\":{\"@id\":\"https:\/\/www.camping-rochelambert.com\/de\/#primaryimage\"},\"thumbnailUrl\":\"https:\/\/www.camping-rochelambert.com\/wp-content\/uploads\/2020\/11\/camping-rochelambert-banner-img.jpg\",\"datePublished\":\"2020-12-28T07:25:56+00:00\",\"dateModified\":\"2025-10-13T11:50:36+00:00\",\"breadcrumb\":{\"@id\":\"https:\/\/www.camping-rochelambert.com\/de\/#breadcrumb\"},\"inLanguage\":\"de\",\"potentialAction\":[{\"@type\":\"ReadAction\",\"target\":[\"https:\/\/www.camping-rochelambert.com\/de\/\"]}]},{\"@type\":\"ImageObject\",\"inLanguage\":\"de\",\"@id\":\"https:\/\/www.camping-rochelambert.com\/de\/#primaryimage\",\"url\":\"https:\/\/www.camping-rochelambert.com\/wp-content\/uploads\/2020\/11\/camping-rochelambert-banner-img.jpg\",\"contentUrl\":\"https:\/\/www.camping-rochelambert.com\/wp-content\/uploads\/2020\/11\/camping-rochelambert-banner-img.jpg\",\"width\":1947,\"height\":1079,\"caption\":\"camping rochelambert\"},{\"@type\":\"BreadcrumbList\",\"@id\":\"https:\/\/www.camping-rochelambert.com\/de\/#breadcrumb\",\"itemListElement\":[{\"@type\":\"ListItem\",\"position\":1,\"name\":\"Camping Haute-Loire\",\"item\":\"https:\/\/www.camping-rochelambert.com\/de\/\"},{\"@type\":\"ListItem\",\"position\":2,\"name\":\"Home\"}]},{\"@type\":\"WebSite\",\"@id\":\"https:\/\/www.camping-rochelambert.com\/de\/#website\",\"url\":\"https:\/\/www.camping-rochelambert.com\/de\/\",\"name\":\"Camping Rochelambert\",\"description\":\"\",\"potentialAction\":[{\"@type\":\"SearchAction\",\"target\":{\"@type\":\"EntryPoint\",\"urlTemplate\":\"https:\/\/www.camping-rochelambert.com\/de\/?s={search_term_string}\"},\"query-input\":{\"@type\":\"PropertyValueSpecification\",\"valueRequired\":true,\"valueName\":\"search_term_string\"}}],\"inLanguage\":\"de\"}]}<\/script>\n<!-- \/ Yoast SEO plugin. -->","yoast_head_json":{"title":"Camping Haute-Loire | Camping Rochelambert | Camping st paulien","robots":{"index":"index","follow":"follow","max-snippet":"max-snippet:-1","max-image-preview":"max-image-preview:large","max-video-preview":"max-video-preview:-1"},"canonical":"https:\/\/www.camping-rochelambert.com\/de\/","og_locale":"de_DE","og_type":"article","og_title":"Camping Haute-Loire | Camping Rochelambert | Camping st paulien","og_url":"https:\/\/www.camping-rochelambert.com\/de\/","og_site_name":"Camping Rochelambert","article_modified_time":"2025-10-13T11:50:36+00:00","og_image":[{"width":1947,"height":1079,"url":"https:\/\/www.camping-rochelambert.com\/wp-content\/uploads\/2020\/11\/camping-rochelambert-banner-img.jpg","type":"image\/jpeg"}],"twitter_card":"summary_large_image","twitter_misc":{"Gesch\u00e4tzte Lesezeit":"1\u00a0Minute"},"schema":{"@context":"https:\/\/schema.org","@graph":[{"@type":"WebPage","@id":"https:\/\/www.camping-rochelambert.com\/de\/","url":"https:\/\/www.camping-rochelambert.com\/de\/","name":"Camping Haute-Loire | Camping Rochelambert | Camping st paulien","isPartOf":{"@id":"https:\/\/www.camping-rochelambert.com\/de\/#website"},"primaryImageOfPage":{"@id":"https:\/\/www.camping-rochelambert.com\/de\/#primaryimage"},"image":{"@id":"https:\/\/www.camping-rochelambert.com\/de\/#primaryimage"},"thumbnailUrl":"https:\/\/www.camping-rochelambert.com\/wp-content\/uploads\/2020\/11\/camping-rochelambert-banner-img.jpg","datePublished":"2020-12-28T07:25:56+00:00","dateModified":"2025-10-13T11:50:36+00:00","breadcrumb":{"@id":"https:\/\/www.camping-rochelambert.com\/de\/#breadcrumb"},"inLanguage":"de","potentialAction":[{"@type":"ReadAction","target":["https:\/\/www.camping-rochelambert.com\/de\/"]}]},{"@type":"ImageObject","inLanguage":"de","@id":"https:\/\/www.camping-rochelambert.com\/de\/#primaryimage","url":"https:\/\/www.camping-rochelambert.com\/wp-content\/uploads\/2020\/11\/camping-rochelambert-banner-img.jpg","contentUrl":"https:\/\/www.camping-rochelambert.com\/wp-content\/uploads\/2020\/11\/camping-rochelambert-banner-img.jpg","width":1947,"height":1079,"caption":"camping rochelambert"},{"@type":"BreadcrumbList","@id":"https:\/\/www.camping-rochelambert.com\/de\/#breadcrumb","itemListElement":[{"@type":"ListItem","position":1,"name":"Camping Haute-Loire","item":"https:\/\/www.camping-rochelambert.com\/de\/"},{"@type":"ListItem","position":2,"name":"Home"}]},{"@type":"WebSite","@id":"https:\/\/www.camping-rochelambert.com\/de\/#website","url":"https:\/\/www.camping-rochelambert.com\/de\/","name":"Camping Rochelambert","description":"","potentialAction":[{"@type":"SearchAction","target":{"@type":"EntryPoint","urlTemplate":"https:\/\/www.camping-rochelambert.com\/de\/?s={search_term_string}"},"query-input":{"@type":"PropertyValueSpecification","valueRequired":true,"valueName":"search_term_string"}}],"inLanguage":"de"}]}},"_links":{"self":[{"href":"https:\/\/www.camping-rochelambert.com\/de\/wp-json\/wp\/v2\/pages\/2222"}],"collection":[{"href":"https:\/\/www.camping-rochelambert.com\/de\/wp-json\/wp\/v2\/pages"}],"about":[{"href":"https:\/\/www.camping-rochelambert.com\/de\/wp-json\/wp\/v2\/types\/page"}],"author":[{"embeddable":true,"href":"https:\/\/www.camping-rochelambert.com\/de\/wp-json\/wp\/v2\/users\/1"}],"replies":[{"embeddable":true,"href":"https:\/\/www.camping-rochelambert.com\/de\/wp-json\/wp\/v2\/comments?post=2222"}],"version-history":[{"count":12,"href":"https:\/\/www.camping-rochelambert.com\/de\/wp-json\/wp\/v2\/pages\/2222\/revisions"}],"predecessor-version":[{"id":4273,"href":"https:\/\/www.camping-rochelambert.com\/de\/wp-json\/wp\/v2\/pages\/2222\/revisions\/4273"}],"wp:featuredmedia":[{"embeddable":true,"href":"https:\/\/www.camping-rochelambert.com\/de\/wp-json\/wp\/v2\/media\/1831"}],"wp:attachment":[{"href":"https:\/\/www.camping-rochelambert.com\/de\/wp-json\/wp\/v2\/media?parent=2222"}],"curies":[{"name":"wp","href":"https:\/\/api.w.org\/{rel}","templated":true}]}}