{"id":2600,"date":"2020-12-28T15:12:14","date_gmt":"2020-12-28T14:12:14","guid":{"rendered":"https:\/\/www.camping-rochelambert.com\/?page_id=2600"},"modified":"2021-11-29T11:17:14","modified_gmt":"2021-11-29T10:17:14","slug":"campingplatz-dienstleistungencamp","status":"publish","type":"page","link":"https:\/\/www.camping-rochelambert.com\/de\/campingplatz-dienstleistungencamp\/","title":{"rendered":"Campingplatz : Dienstleistungencamp"},"content":{"rendered":"<section id=\"section-5fb3ae43c9670\"\" class=\"section bg-white\" \/><div class=\"container extralarge\"><h1 class=\"element section-title center\">Unsere Dienstleistungen und Catering in der Auvergne<\/h1><\/div><\/section>\n\n<section id=\"section-5fb3ae43c98f8\"\" class=\"section bg-color2 p-t-0 p-b-0\" \/><div class=\"container full\"><div class=\"colonnes-wrap valign-middle \"><div class=\"element colonne p-0\"><div class=\"element images scroll-x-mobile\"><div class=\"image\"><img decoding=\"async\" src=\"https:\/\/www.camping-rochelambert.com\/wp-content\/uploads\/2020\/11\/famille-camping-tente-100x79.jpg\" data-src=\"https:\/\/www.camping-rochelambert.com\/wp-content\/uploads\/2020\/11\/famille-camping-tente.jpg\" alt=\"Familie Camping Zelt\" class=\"images_image\" \/><\/div><\/div><\/div><div class=\"element colonne p-x-8\"><h2 class=\"element section-title center\">Die Rezeption des Campingplatzes<\/h2><div class=\"element bloc-text justify \">\n\t<p>Die <strong class=\"bold color1\">rezeption<\/strong> von <a href=\"\/de\/\">Campingplatz Rochelambert<\/a> ist im Juli und August von 8 Uhr bis 20 Uhr ge\u00f6ffnet. In der Nebensaison sind die \u00d6ffnungszeiten von 8.30 Uhr bis 12 Uhr und dann von 14 Uhr bis 19 Uhr. F\u00fcr versp\u00e4tete Ank\u00fcnfte geben Sie uns bitte per E-Mail oder Telefon Bescheid, wir werden eine L\u00f6sung finden. <\/p>\n<p>Es gibt einen Bereich <strong class=\"bold color1\">Free WIFI<\/strong> an der Rezeption und in der n\u00e4heren Umgebung. <\/p>\n<p>Unsere Freunde, die Tiere, sind willkommen. Es ist obligatorisch, Ihr Haustier an der Leine zu f\u00fchren und einen aktuellen Impfpass zu haben. <\/p>\n<p>Wir akzeptieren Zahlungen mit Schecks vacances connect, Kreditkarten, Schecks und Bargeld.<\/p>\n<\/div><\/div><\/div><\/div><\/section>\n\n<section id=\"section-5fb3ae43c9b1e\"\" class=\"section bg-white p-t-0 p-b-0\" \/><div class=\"container full\"><div class=\"element images scroll-x-mobile\"><div class=\"image\"><img decoding=\"async\" src=\"https:\/\/www.camping-rochelambert.com\/wp-content\/uploads\/2020\/11\/restaurant-terrasse-1-100x84.jpg\" data-src=\"https:\/\/www.camping-rochelambert.com\/wp-content\/uploads\/2020\/11\/restaurant-terrasse-1.jpg\" alt=\"terrassen restaurant\" class=\"images_image\" \/><\/div><div class=\"image\"><img decoding=\"async\" src=\"https:\/\/www.camping-rochelambert.com\/wp-content\/uploads\/2020\/11\/jeu-societe-100x84.jpg\" data-src=\"https:\/\/www.camping-rochelambert.com\/wp-content\/uploads\/2020\/11\/jeu-societe.jpg\" alt=\"firmenspiel\" class=\"images_image\" \/><\/div><div class=\"image\"><img decoding=\"async\" src=\"https:\/\/www.camping-rochelambert.com\/wp-content\/uploads\/2020\/11\/plantation-jardin-2-100x84.jpg\" data-src=\"https:\/\/www.camping-rochelambert.com\/wp-content\/uploads\/2020\/11\/plantation-jardin-2.jpg\" alt=\"garten\" class=\"images_image\" \/><\/div><div class=\"image\"><img decoding=\"async\" src=\"https:\/\/www.camping-rochelambert.com\/wp-content\/uploads\/2020\/11\/aire-de-jeux-1-100x84.jpg\" data-src=\"https:\/\/www.camping-rochelambert.com\/wp-content\/uploads\/2020\/11\/aire-de-jeux-1.jpg\" alt=\"spielbereich\" class=\"images_image\" \/><\/div><\/div><\/div><\/section>\n\n<section id=\"section-5fb3a72228e22\"\" class=\"section bg-color2 p-t-0 p-b-0\" \/><div class=\"container full\"><div class=\"colonnes-wrap valign-middle \"><div class=\"element colonne p-x-8\"><h2 class=\"element section-title center\">Unsere Dienstleistungen in Saint-Paulien<\/h2><div class=\"element bloc-text justify \">\n\t<p>Vor Ort k\u00f6nnen Sie Bettw\u00e4sche, einen K\u00fchlschrank, einen Grill, eine Babyausstattung und ein Elektroauto mieten.<\/p>\n<p>Wir verleihen Elektroadapter, Tennisschl\u00e4ger, Tischtennisschl\u00e4ger, Petanque-Kugeln, Kinderangelruten und Krebsschuppen.<\/p>\n<p>Kommen Sie und sehen Sie die <strong class=\"bold color1\">\u00fcbertragung von Sportereignissen<\/strong> auf der gro\u00dfen Leinwand.<br \/>\nVerpassen Sie im Urlaub nicht die Fu\u00dfballweltmeisterschaft, die Europameisterschaft und die Tour de France&#8230;<\/p>\n<p>Zum Entspannen steht Ihnen eine <strong class=\"bold color1\">leseecke<\/strong> mit einer Bibliothek f\u00fcr Jung und Alt zur Verf\u00fcgung.<br \/>\nSpielen Sie vor Ort oder nehmen Sie ein <strong class=\"bold color1\">partyspiel<\/strong> aus unserer Kollektion mit. <\/p>\n<p>Ein <strong class=\"bold color1\">garten der aromen<\/strong> (aromatische Pflanzen, Minze, Schnittlauch, Basilikum&#8230;) steht Ihnen zur Verf\u00fcgung, um Salate, gegrilltes Fleisch&#8230; zu dekorieren! In den f\u00fcnfzehn Gem\u00fcsek\u00fcbeln finden Sie, je nach Saison, Erdbeeren, Zucchini, Tomaten&#8230; Sie sind f\u00fcr Sie!  <\/p>\n<p>Wir haben einen Verleih und eine Sanit\u00e4reinrichtung, die f\u00fcr Menschen mit eingeschr\u00e4nkter Mobilit\u00e4t zug\u00e4nglich ist. Eine der Sanit\u00e4ranlagen bietet eine spezielle Kabine f\u00fcr Babys oder Kleinkinder mit einem Wickeltisch und einer Badewanne.<\/p>\n<p>Mehrere <a href=\"https:\/\/www.camping-rochelambert.com\/de\/campingplatz-aktivitaeten\/\">aktivit\u00e4ten<\/a> stehen auf dem campingplatz f\u00fcr Sie bereit. <strong class=\"bold color1\">Drei Spielpl\u00e4tze<\/strong> und <strong class=\"bold color1\">einen fitnessbereich<\/strong>  der Au\u00dfenbereich ist f\u00fcr das Vergn\u00fcgen und die Fitness von Jung und Alt gleicherma\u00dfen da. Ihre Kinder werden die Schaukeln, die Rutschen und die akrobatischen Passagen lieben. F\u00fcr kleinere Kinder gibt es eine Mini-Rutsche und Federschaukeln. <\/p>\n<\/div><\/div><div class=\"element colonne p-0\"><div class=\"element images scroll-x-mobile\"><div class=\"image\"><img decoding=\"async\" src=\"https:\/\/www.camping-rochelambert.com\/wp-content\/uploads\/2020\/12\/ping-pong-rochelambert-100x79.jpg\" data-src=\"https:\/\/www.camping-rochelambert.com\/wp-content\/uploads\/2020\/12\/ping-pong-rochelambert.jpg\" alt=\"ping-pong rochelambert\" class=\"images_image\" \/><\/div><\/div><\/div><\/div><\/div><\/section>\n\n<section id=\"section-5fb3a725560e8\"\" class=\"section bg-color2 p-t-0 p-b-0\" \/><div class=\"container full\"><div class=\"colonnes-wrap valign-middle \"><div class=\"element colonne p-0\"><div class=\"element images scroll-x-mobile\"><div class=\"image\"><img decoding=\"async\" src=\"https:\/\/www.camping-rochelambert.com\/wp-content\/uploads\/2020\/11\/pizza-plat-1-100x79.jpg\" data-src=\"https:\/\/www.camping-rochelambert.com\/wp-content\/uploads\/2020\/11\/pizza-plat-1.jpg\" alt=\"flache Pizza\" class=\"images_image\" \/><\/div><\/div><\/div><div class=\"element colonne p-x-8\"><h2 class=\"element section-title center\">Verpflegung auf dem Campingplatz<\/h2><div class=\"element bloc-text justify \">\n\t<p>Um ihren durst zu l\u00f6schen oder zu fr\u00fchst\u00fccken, finden sie eine <strong class=\"bold color1\">bar lizenz 4<\/strong>.<\/p>\n<p>Die <strong class=\"bold color1\">service restauration<\/strong> bietet ganzj\u00e4hrig hausgemachtes eis an. <\/p>\n<p>Sie k\u00f6nnen gerichte zum mitnehmen bestellen: pizzen, salate oder pommes frites, oder sich im restaurant hinsetzen und das abendliche <strong class=\"bold color1\">men\u00fc<\/strong> oder ein <strong class=\"bold color1\">men\u00fc \u00e0 la carte<\/strong> im Juni, Juli und August genie\u00dfen. <\/p>\n<p>Das <strong class=\"bold color1\">brotdepot<\/strong> ist nach reservierung am vortag f\u00fcr den n\u00e4chsten tag verf\u00fcgbar. Sie k\u00f6nnen ihr baguette, aufwendige brote oder croissants und geb\u00e4ck vor ort bekommen. <\/p>\n<p>Ein <strong class=\"bold color1\">kleiner lebensmittelladen<\/strong> mit convenience und lokalen produkten steht ihnen zur verf\u00fcgung.<\/p>\n<p>Der empfang, die Bar und die <a href=\"https:\/\/www.camping-rochelambert.com\/de\/campingplatz-restaurant\/\">restaurant<\/a> auch die standards der barrierefreiheit erf\u00fcllen, kann jeder trinken und essen.<\/p>\n<p>Sie finden <strong class=\"bold color1\">gesch\u00e4fte in der n\u00e4he<\/strong>: supermarkt, b\u00e4ckereien, banken, apotheke&#8230; 3 km entfernt im dorf Saint-Paulien. Wir zeigen Ihnen die verschiedenen <strong class=\"bold color1\">m\u00e4rkte<\/strong> in der umgebung.  <\/p>\n<\/div><\/div><\/div><\/div><\/section>\n\n<section id=\"section-619f63c606e9b\"\" class=\"section bg-white p-t-0 p-b-0\" \/><div class=\"container full\"><div class=\"colonnes-wrap valign-middle \"><div class=\"element colonne p-x-8\"><h2 class=\"element section-title justify\">Erfahrung mit WiFi<\/h2><div class=\"element bloc-text justify \">\n\t<p>WiFi im Urlaub JA!<br \/>\nUm Freunden ein paar Neuigkeiten mitzuteilen, auf Familieneinladungen zu antworten, ein Foto des J\u00fcngsten zu schicken, der mit seinem vom Campingplatz geliehenen Kescher den Fluss erkundet&#8230;<br \/>\nAuf dem Campingplatz La Rochelambert ist das m\u00f6glich und einfach: <strong class=\"bold color1\">WiFi ist vorhanden, kostenlos und unbegrenzt in der Zone um die Rezeption.<\/strong><\/p>\n<p>WiFi im Urlaub, um s\u00fc\u00dfe Katzenvideos anzuschauen, anstatt die nat\u00fcrliche Umgebung zu beobachten NEIN!<br \/>\nWiFi im Urlaub, um sich von den Anfragen der Arbeitskollegen \u00fcberrollen zu lassen, die alle eine &#8222;kleine Sache zu fragen&#8220; haben NEIN!<br \/>\nWLAN im Urlaub, um sich von Instagram-Account zu Instagram-Account treiben zu lassen, obwohl man sich mit &#8222;echten Menschen&#8220; h\u00e4tte unterhalten, austauschen und spielen k\u00f6nnen NEIN!<br \/>\nWiFi im Urlaub, um die Kinder und Jugendlichen an ihren Bildschirmen kleben zu lassen, obwohl sie am Kinderclub h\u00e4tten teilnehmen oder Festungen in der Haute-Loire h\u00e4tten erkunden k\u00f6nnen NEIN!<\/p>\n<p><strong class=\"bold color1\">Erleben Sie eine Erfahrung des Abschaltens<\/strong><\/p>\n<\/div><\/div><div class=\"element colonne p-0\"><div class=\"element images scroll-x-mobile\"><div class=\"image\"><img decoding=\"async\" src=\"https:\/\/www.camping-rochelambert.com\/wp-content\/uploads\/2021\/11\/Wifi-terrasse-large-e1638180925581-100x79.jpg\" data-src=\"https:\/\/www.camping-rochelambert.com\/wp-content\/uploads\/2021\/11\/Wifi-terrasse-large-e1638180925581.jpg\" alt=\"Wifi camping\" class=\"images_image\" \/><\/div><\/div><\/div><\/div><\/div><\/section>\n\n<section id=\"section-5fb3ae43ca1b6\"\" class=\"section bg-white p-b-0\" \/><div class=\"container extralarge\"><div class=\"element section-title center\">Entdecken Sie unser Restaurant und unsere Aktivit\u00e4ten<\/div><ul class=\"liste-de-page\"><li class=\"element call-to-action center call-to-action--style-1 call-to-action--normal\"><a href=\"https:\/\/www.camping-rochelambert.com\/de\/campingplatz-aktivitaeten\/\"  class=\"call-to-action_link\" title=\"Erfahren Sie mehr \u00fcber was wir tun\"><div class=\"call-to-action_image\"><img decoding=\"async\" src=\"https:\/\/www.camping-rochelambert.com\/wp-content\/uploads\/2020\/11\/camping-rochelambert-cta-activites-100x77.jpg\" data-src=\"https:\/\/www.camping-rochelambert.com\/wp-content\/uploads\/2020\/11\/camping-rochelambert-cta-activites.jpg\" alt=\"\" class=\"normal\" \/><\/div><div class=\"call-to-action_contenu\"><div class=\"call-to-action_titre\">Was wir tun<\/div><\/div><\/a><\/li><li class=\"element call-to-action center call-to-action--style-1 call-to-action--normal call-to-action--style-1 call-to-action--normal\"><a href=\"https:\/\/www.camping-rochelambert.com\/de\/campingplatz-restaurant\/\"  class=\"call-to-action_link\" title=\"Erfahren Sie mehr \u00fcber unser restaurant\"><div class=\"call-to-action_image\"><img decoding=\"async\" src=\"https:\/\/www.camping-rochelambert.com\/wp-content\/uploads\/2020\/11\/burger-cuisine-100x75.jpg\" data-src=\"https:\/\/www.camping-rochelambert.com\/wp-content\/uploads\/2020\/11\/burger-cuisine.jpg\" alt=\"burger cuisine\" class=\"normal\" \/><\/div><div class=\"call-to-action_contenu\"><div class=\"call-to-action_titre\">Unser Restaurant<\/div><\/div><\/a><\/li><li class=\"element call-to-action center call-to-action--style-1 call-to-action--normal call-to-action--style-1 call-to-action--normal call-to-action--style-1 call-to-action--normal\"><a href=\"https:\/\/www.camping-rochelambert.com\/de\/wasser-wasserflaeche\/\"  class=\"call-to-action_link\" title=\"Erfahren Sie mehr \u00fcber unser aquatischer raum\"><div class=\"call-to-action_image\"><img decoding=\"async\" src=\"https:\/\/www.camping-rochelambert.com\/wp-content\/uploads\/2020\/11\/natation-enfant-100x75.jpg\" data-src=\"https:\/\/www.camping-rochelambert.com\/wp-content\/uploads\/2020\/11\/natation-enfant.jpg\" alt=\"natation enfant\" class=\"normal\" \/><\/div><div class=\"call-to-action_contenu\"><div class=\"call-to-action_titre\">Unser aquatischer raum<\/div><\/div><\/a><\/li><\/ul><\/div><\/section>","protected":false},"excerpt":{"rendered":"","protected":false},"author":1,"featured_media":1906,"parent":0,"menu_order":0,"comment_status":"closed","ping_status":"closed","template":"","meta":{"_acf_changed":false,"footnotes":""},"class_list":["post-2600","page","type-page","status-publish","has-post-thumbnail","hentry"],"acf":[],"yoast_head":"<!-- This site is optimized with the Yoast SEO plugin v25.3 - https:\/\/yoast.com\/wordpress\/plugins\/seo\/ -->\n<title>Camping Rezeption, Restaurant Auvergne | Restaurant, Dienstleistungen Saint-Paulien<\/title>\n<meta name=\"robots\" content=\"index, follow, max-snippet:-1, max-image-preview:large, max-video-preview:-1\" \/>\n<link rel=\"canonical\" href=\"https:\/\/www.camping-rochelambert.com\/de\/campingplatz-dienstleistungencamp\/\" \/>\n<meta property=\"og:locale\" content=\"de_DE\" \/>\n<meta property=\"og:type\" content=\"article\" \/>\n<meta property=\"og:title\" content=\"Camping Rezeption, Restaurant Auvergne | Restaurant, Dienstleistungen Saint-Paulien\" \/>\n<meta property=\"og:url\" content=\"https:\/\/www.camping-rochelambert.com\/de\/campingplatz-dienstleistungencamp\/\" \/>\n<meta property=\"og:site_name\" content=\"Camping Rochelambert\" \/>\n<meta property=\"article:modified_time\" content=\"2021-11-29T10:17:14+00:00\" \/>\n<meta property=\"og:image\" content=\"https:\/\/www.camping-rochelambert.com\/wp-content\/uploads\/2020\/12\/services-rochelambert.jpg\" \/>\n\t<meta property=\"og:image:width\" content=\"1903\" \/>\n\t<meta property=\"og:image:height\" content=\"450\" \/>\n\t<meta property=\"og:image:type\" content=\"image\/jpeg\" \/>\n<meta name=\"twitter:card\" content=\"summary_large_image\" \/>\n<script type=\"application\/ld+json\" class=\"yoast-schema-graph\">{\"@context\":\"https:\/\/schema.org\",\"@graph\":[{\"@type\":\"WebPage\",\"@id\":\"https:\/\/www.camping-rochelambert.com\/de\/campingplatz-dienstleistungencamp\/\",\"url\":\"https:\/\/www.camping-rochelambert.com\/de\/campingplatz-dienstleistungencamp\/\",\"name\":\"Camping Rezeption, Restaurant Auvergne | Restaurant, Dienstleistungen Saint-Paulien\",\"isPartOf\":{\"@id\":\"https:\/\/www.camping-rochelambert.com\/de\/#website\"},\"primaryImageOfPage\":{\"@id\":\"https:\/\/www.camping-rochelambert.com\/de\/campingplatz-dienstleistungencamp\/#primaryimage\"},\"image\":{\"@id\":\"https:\/\/www.camping-rochelambert.com\/de\/campingplatz-dienstleistungencamp\/#primaryimage\"},\"thumbnailUrl\":\"https:\/\/www.camping-rochelambert.com\/wp-content\/uploads\/2020\/12\/services-rochelambert.jpg\",\"datePublished\":\"2020-12-28T14:12:14+00:00\",\"dateModified\":\"2021-11-29T10:17:14+00:00\",\"breadcrumb\":{\"@id\":\"https:\/\/www.camping-rochelambert.com\/de\/campingplatz-dienstleistungencamp\/#breadcrumb\"},\"inLanguage\":\"de\",\"potentialAction\":[{\"@type\":\"ReadAction\",\"target\":[\"https:\/\/www.camping-rochelambert.com\/de\/campingplatz-dienstleistungencamp\/\"]}]},{\"@type\":\"ImageObject\",\"inLanguage\":\"de\",\"@id\":\"https:\/\/www.camping-rochelambert.com\/de\/campingplatz-dienstleistungencamp\/#primaryimage\",\"url\":\"https:\/\/www.camping-rochelambert.com\/wp-content\/uploads\/2020\/12\/services-rochelambert.jpg\",\"contentUrl\":\"https:\/\/www.camping-rochelambert.com\/wp-content\/uploads\/2020\/12\/services-rochelambert.jpg\",\"width\":1903,\"height\":450,\"caption\":\"services rochelambert\"},{\"@type\":\"BreadcrumbList\",\"@id\":\"https:\/\/www.camping-rochelambert.com\/de\/campingplatz-dienstleistungencamp\/#breadcrumb\",\"itemListElement\":[{\"@type\":\"ListItem\",\"position\":1,\"name\":\"Camping Haute-Loire\",\"item\":\"https:\/\/www.camping-rochelambert.com\/de\/\"},{\"@type\":\"ListItem\",\"position\":2,\"name\":\"Unsere dienstleistungen auf dem campingplatz\"}]},{\"@type\":\"WebSite\",\"@id\":\"https:\/\/www.camping-rochelambert.com\/de\/#website\",\"url\":\"https:\/\/www.camping-rochelambert.com\/de\/\",\"name\":\"Camping Rochelambert\",\"description\":\"\",\"potentialAction\":[{\"@type\":\"SearchAction\",\"target\":{\"@type\":\"EntryPoint\",\"urlTemplate\":\"https:\/\/www.camping-rochelambert.com\/de\/?s={search_term_string}\"},\"query-input\":{\"@type\":\"PropertyValueSpecification\",\"valueRequired\":true,\"valueName\":\"search_term_string\"}}],\"inLanguage\":\"de\"}]}<\/script>\n<!-- \/ Yoast SEO plugin. -->","yoast_head_json":{"title":"Camping Rezeption, Restaurant Auvergne | Restaurant, Dienstleistungen Saint-Paulien","robots":{"index":"index","follow":"follow","max-snippet":"max-snippet:-1","max-image-preview":"max-image-preview:large","max-video-preview":"max-video-preview:-1"},"canonical":"https:\/\/www.camping-rochelambert.com\/de\/campingplatz-dienstleistungencamp\/","og_locale":"de_DE","og_type":"article","og_title":"Camping Rezeption, Restaurant Auvergne | Restaurant, Dienstleistungen Saint-Paulien","og_url":"https:\/\/www.camping-rochelambert.com\/de\/campingplatz-dienstleistungencamp\/","og_site_name":"Camping Rochelambert","article_modified_time":"2021-11-29T10:17:14+00:00","og_image":[{"width":1903,"height":450,"url":"https:\/\/www.camping-rochelambert.com\/wp-content\/uploads\/2020\/12\/services-rochelambert.jpg","type":"image\/jpeg"}],"twitter_card":"summary_large_image","schema":{"@context":"https:\/\/schema.org","@graph":[{"@type":"WebPage","@id":"https:\/\/www.camping-rochelambert.com\/de\/campingplatz-dienstleistungencamp\/","url":"https:\/\/www.camping-rochelambert.com\/de\/campingplatz-dienstleistungencamp\/","name":"Camping Rezeption, Restaurant Auvergne | Restaurant, Dienstleistungen Saint-Paulien","isPartOf":{"@id":"https:\/\/www.camping-rochelambert.com\/de\/#website"},"primaryImageOfPage":{"@id":"https:\/\/www.camping-rochelambert.com\/de\/campingplatz-dienstleistungencamp\/#primaryimage"},"image":{"@id":"https:\/\/www.camping-rochelambert.com\/de\/campingplatz-dienstleistungencamp\/#primaryimage"},"thumbnailUrl":"https:\/\/www.camping-rochelambert.com\/wp-content\/uploads\/2020\/12\/services-rochelambert.jpg","datePublished":"2020-12-28T14:12:14+00:00","dateModified":"2021-11-29T10:17:14+00:00","breadcrumb":{"@id":"https:\/\/www.camping-rochelambert.com\/de\/campingplatz-dienstleistungencamp\/#breadcrumb"},"inLanguage":"de","potentialAction":[{"@type":"ReadAction","target":["https:\/\/www.camping-rochelambert.com\/de\/campingplatz-dienstleistungencamp\/"]}]},{"@type":"ImageObject","inLanguage":"de","@id":"https:\/\/www.camping-rochelambert.com\/de\/campingplatz-dienstleistungencamp\/#primaryimage","url":"https:\/\/www.camping-rochelambert.com\/wp-content\/uploads\/2020\/12\/services-rochelambert.jpg","contentUrl":"https:\/\/www.camping-rochelambert.com\/wp-content\/uploads\/2020\/12\/services-rochelambert.jpg","width":1903,"height":450,"caption":"services rochelambert"},{"@type":"BreadcrumbList","@id":"https:\/\/www.camping-rochelambert.com\/de\/campingplatz-dienstleistungencamp\/#breadcrumb","itemListElement":[{"@type":"ListItem","position":1,"name":"Camping Haute-Loire","item":"https:\/\/www.camping-rochelambert.com\/de\/"},{"@type":"ListItem","position":2,"name":"Unsere dienstleistungen auf dem campingplatz"}]},{"@type":"WebSite","@id":"https:\/\/www.camping-rochelambert.com\/de\/#website","url":"https:\/\/www.camping-rochelambert.com\/de\/","name":"Camping Rochelambert","description":"","potentialAction":[{"@type":"SearchAction","target":{"@type":"EntryPoint","urlTemplate":"https:\/\/www.camping-rochelambert.com\/de\/?s={search_term_string}"},"query-input":{"@type":"PropertyValueSpecification","valueRequired":true,"valueName":"search_term_string"}}],"inLanguage":"de"}]}},"_links":{"self":[{"href":"https:\/\/www.camping-rochelambert.com\/de\/wp-json\/wp\/v2\/pages\/2600"}],"collection":[{"href":"https:\/\/www.camping-rochelambert.com\/de\/wp-json\/wp\/v2\/pages"}],"about":[{"href":"https:\/\/www.camping-rochelambert.com\/de\/wp-json\/wp\/v2\/types\/page"}],"author":[{"embeddable":true,"href":"https:\/\/www.camping-rochelambert.com\/de\/wp-json\/wp\/v2\/users\/1"}],"replies":[{"embeddable":true,"href":"https:\/\/www.camping-rochelambert.com\/de\/wp-json\/wp\/v2\/comments?post=2600"}],"version-history":[{"count":14,"href":"https:\/\/www.camping-rochelambert.com\/de\/wp-json\/wp\/v2\/pages\/2600\/revisions"}],"predecessor-version":[{"id":3697,"href":"https:\/\/www.camping-rochelambert.com\/de\/wp-json\/wp\/v2\/pages\/2600\/revisions\/3697"}],"wp:featuredmedia":[{"embeddable":true,"href":"https:\/\/www.camping-rochelambert.com\/de\/wp-json\/wp\/v2\/media\/1906"}],"wp:attachment":[{"href":"https:\/\/www.camping-rochelambert.com\/de\/wp-json\/wp\/v2\/media?parent=2600"}],"curies":[{"name":"wp","href":"https:\/\/api.w.org\/{rel}","templated":true}]}}