{"id":2787,"date":"2020-12-28T18:46:49","date_gmt":"2020-12-28T17:46:49","guid":{"rendered":"https:\/\/www.camping-rochelambert.com\/?page_id=2787"},"modified":"2020-12-30T13:46:01","modified_gmt":"2020-12-30T12:46:01","slug":"wasser-wasserflaeche","status":"publish","type":"page","link":"https:\/\/www.camping-rochelambert.com\/de\/wasser-wasserflaeche\/","title":{"rendered":"Wasser: Wasserfl\u00e4che"},"content":{"rendered":"<section id=\"section-5fb3ae43c9670\"\" class=\"section bg-white\" \/><div class=\"container extralarge\"><h1 class=\"element section-title center\">Entdecken Sie unser aquatisches Gebiet in der Auvergne<\/h1><\/div><\/section>\n\n<section id=\"section-5fb3ae43c98f8\"\" class=\"section bg-color2 p-t-0 p-b-0\" \/><div class=\"container full\"><div class=\"colonnes-wrap valign-middle \"><div class=\"element colonne p-0\"><div class=\"element images scroll-x-mobile\"><div class=\"image\"><img decoding=\"async\" src=\"https:\/\/www.camping-rochelambert.com\/wp-content\/uploads\/2020\/11\/piscine-camping-100x79.jpg\" data-src=\"https:\/\/www.camping-rochelambert.com\/wp-content\/uploads\/2020\/11\/piscine-camping.jpg\" alt=\"Camping-Pool\" class=\"images_image\" \/><\/div><\/div><\/div><div class=\"element colonne p-x-8\"><h2 class=\"element section-title center\">Schwimmbad und Planschbecken in der Auvergne <\/h2><div class=\"element bloc-text justify \">\n\t<p>Der <strong class=\"bold color1\">Pool ist \u00fcberdacht<\/strong> und beheizt. Eine sch\u00f6n geschwungene Abdeckung mit einer <strong class=\"bold color1\">Holzarchitektur<\/strong> ist f\u00fcr die Freude der Augen und Ihren Komfort da. Aus den verschiedenen M\u00f6glichkeiten haben wir uns f\u00fcr das Unternehmen entschieden, das die sch\u00f6nste und effizienteste technische L\u00f6sung angeboten hat. Wir sind der einzige Campingplatz mit einem \u00fcberdachten und beheizten Schwimmbad in der Haute-Loire. Kommen Sie zum Schwimmen in die N\u00e4he von Le Puy-en-Velay.  <\/p>\n<p>Bei jedem Wetter werden Sie den <strong class=\"bold color1\">beheizten Swimmingpool<\/strong> und das Planschbecken in unserem <a href=\"\/de\/\">Camping in der Auvergne<\/a> genie\u00dfen. Je nach Au\u00dfentemperatur k\u00f6nnen wir die Seitenw\u00e4nde mehr oder weniger \u00f6ffnen. Wenn es hei\u00df ist, bleibt nur das Dach und die Luft zirkuliert frei. An k\u00fchlen oder regnerischen Tagen ist es sch\u00f6n, mit gutem Schutz im Wasser zu schwimmen oder zu spielen.  <\/p>\n<p>F\u00fcr kleine Kinder bietet das <strong class=\"bold color1\" >Planschbecken<\/strong> einen sicheren Wasserspielplatz in Haute Loire. Sie lieben es, unter den Blicken ihrer Eltern darin zu schwimmen.  <\/p>\n<p>Der Zugang zum Schwimmbad auf unserem Campingplatz bei Puy en Velay ist durch Schranken und ein Tor gesch\u00fctzt, die den Sicherheitsstandards entsprechen. <\/p>\n<p><strong class=\"bold color1\">Zwei Solarien<\/strong> umrahmen den Pool. Bequeme Sonnenliegen und elegante Sonnenschirme stehen Ihnen zur Verf\u00fcgung. Rund um die Str\u00e4nde des Hallenbades haben wir bl\u00fchende Wiesen gepflanzt, die an das Gr\u00fcn der Auvergne erinnern. Kommen Sie und nehmen Sie sich Zeit zum Leben und genie\u00dfen Sie das Wasser. Hier gibt es keine <strong class=\"bold color1\">Toboggane<\/strong>, in denen Teenager ihre Freude herausschreien, sondern eine Atmosph\u00e4re der Ruhe und Gelassenheit unweit des <a href=\"https:\/\/www.camping-rochelambert.com\/de\/wasser-riverside\/\">Flussufers<\/a> des Campingplatzes.    <\/p>\n<p>Als Teil unseres <strong class=\"bold color1\">nachhaltigen Entwicklungsansatzes<\/strong> verwenden wir eine W\u00e4rmepumpe, um das Poolwasser bei Bedarf zu erhitzen.   <\/p>\n<p>Die f\u00fcr den Zugang zum Poolbereich erforderliche Dusche ist ebenfalls beheizt. Ein WC nach PRM Standard ist vor Ort vorhanden. Die Einhaltung von Hygienema\u00dfnahmen und Ihre Sicherheit sind uns wichtig.  <\/p>\n<\/div><\/div><\/div><\/div><\/section>\n\n<section id=\"section-5fb3ae43c9b1e\"\" class=\"section bg-white p-t-0 p-b-0\" \/><div class=\"container full\"><div class=\"element images scroll-x-mobile\"><div class=\"image\"><img decoding=\"async\" src=\"https:\/\/www.camping-rochelambert.com\/wp-content\/uploads\/2020\/11\/piscine-transats-100x84.jpg\" data-src=\"https:\/\/www.camping-rochelambert.com\/wp-content\/uploads\/2020\/11\/piscine-transats.jpg\" alt=\"camping-Pool\" class=\"images_image\" \/><\/div><div class=\"image\"><img decoding=\"async\" src=\"https:\/\/www.camping-rochelambert.com\/wp-content\/uploads\/2020\/11\/enfant-bouee-piscine-100x84.jpg\" data-src=\"https:\/\/www.camping-rochelambert.com\/wp-content\/uploads\/2020\/11\/enfant-bouee-piscine.jpg\" alt=\"kinderbeckenboje\" class=\"images_image\" \/><\/div><div class=\"image\"><img decoding=\"async\" src=\"https:\/\/www.camping-rochelambert.com\/wp-content\/uploads\/2020\/11\/transats-piscine-100x84.jpg\" data-src=\"https:\/\/www.camping-rochelambert.com\/wp-content\/uploads\/2020\/11\/transats-piscine.jpg\" alt=\"pool-Liegest\u00fchle\" class=\"images_image\" \/><\/div><div class=\"image\"><img decoding=\"async\" src=\"https:\/\/www.camping-rochelambert.com\/wp-content\/uploads\/2020\/11\/piscine-enfant-100x84.jpg\" data-src=\"https:\/\/www.camping-rochelambert.com\/wp-content\/uploads\/2020\/11\/piscine-enfant.jpg\" alt=\"kinderbecken\" class=\"images_image\" \/><\/div><\/div><\/div><\/section>\n\n<section id=\"section-5fb3a72228e22\"\" class=\"section bg-color2 p-t-0 p-b-0\" \/><div class=\"container full\"><div class=\"colonnes-wrap valign-middle \"><div class=\"element colonne p-x-8\"><h2 class=\"element section-title center\">Unsere Sauna und unsere neuen Produkte<\/h2><div class=\"element bloc-text justify \">\n\t<p>Die Sauna bietet Platz f\u00fcr 4 Personen und ist nach Reservierung zug\u00e4nglich. Kommen Sie und verbringen Sie einen <strong class=\"bold color1\">Wohlf\u00fchlmoment<\/strong> Alles, was Sie brauchen, ist ein Handtuch und Ihre Badehose. Die Duschen befinden sich am Schwimmbad oder in den Sanit\u00e4ranlagen gleich nebenan.  <\/p>\n<p>Die Modernisierung des Campingplatzes La Rochelambert wurde dank der finanziellen Unterst\u00fctzung der Europ\u00e4ischen Union mit dem <strong class=\"bold color1\">Europ\u00e4ischen Landwirtschaftsfonds f\u00fcr die Entwicklung des l\u00e4ndlichen Raums<\/strong> (ELER) realisiert: Europa investiert in l\u00e4ndliche Gebiete (und zum Beispiel in die Region Auvergne-Rh\u00f4ne-Alpes), um den Tourismus zu f\u00f6rdern.  <\/p>\n<\/div><\/div><div class=\"element colonne p-0\"><div class=\"element images scroll-x-mobile\"><div class=\"image\"><img decoding=\"async\" src=\"https:\/\/www.camping-rochelambert.com\/wp-content\/uploads\/2020\/11\/sauna-femme-100x79.jpg\" data-src=\"https:\/\/www.camping-rochelambert.com\/wp-content\/uploads\/2020\/11\/sauna-femme.jpg\" alt=\"Damensauna\" class=\"images_image\" \/><\/div><\/div><\/div><\/div><\/div><\/section>\n\n<section id=\"section-5fb3ae43ca1b6\"\" class=\"section bg-white p-b-0\" \/><div class=\"container extralarge\"><div class=\"element section-title center\">Entdecken Sie unsere Aktivit\u00e4ten und Dienstleistungen<\/div><ul class=\"liste-de-page\"><li class=\"element call-to-action center call-to-action--style-1 call-to-action--normal\"><a href=\"https:\/\/www.camping-rochelambert.com\/de\/campingplatz-aktivitaeten\/\"  class=\"call-to-action_link\" title=\"Erfahren Sie mehr \u00fcber was wir tun\"><div class=\"call-to-action_image\"><img decoding=\"async\" src=\"https:\/\/www.camping-rochelambert.com\/wp-content\/uploads\/2020\/11\/camping-rochelambert-cta-activites-100x77.jpg\" data-src=\"https:\/\/www.camping-rochelambert.com\/wp-content\/uploads\/2020\/11\/camping-rochelambert-cta-activites.jpg\" alt=\"\" class=\"normal\" \/><\/div><div class=\"call-to-action_contenu\"><div class=\"call-to-action_titre\">Was wir tun<\/div><\/div><\/a><\/li><li class=\"element call-to-action center call-to-action--style-1 call-to-action--normal call-to-action--style-1 call-to-action--normal\"><a href=\"https:\/\/www.camping-rochelambert.com\/de\/campingplatz-dienstleistungencamp\/\"  class=\"call-to-action_link\" title=\"Erfahren Sie mehr \u00fcber unser service\"><div class=\"call-to-action_image\"><img decoding=\"async\" src=\"https:\/\/www.camping-rochelambert.com\/wp-content\/uploads\/2020\/11\/camping-rochelambert-cta-services-100x77.jpg\" data-src=\"https:\/\/www.camping-rochelambert.com\/wp-content\/uploads\/2020\/11\/camping-rochelambert-cta-services.jpg\" alt=\"\" class=\"normal\" \/><\/div><div class=\"call-to-action_contenu\"><div class=\"call-to-action_titre\">Unser Service<\/div><\/div><\/a><\/li><li class=\"element call-to-action center call-to-action--style-1 call-to-action--normal call-to-action--style-1 call-to-action--normal call-to-action--style-1 call-to-action--normal\"><a href=\"https:\/\/www.camping-rochelambert.com\/de\/wasser-riverside\/\"  class=\"call-to-action_link\" title=\"Erfahren Sie mehr \u00fcber das flussufer\"><div class=\"call-to-action_image\"><img decoding=\"async\" src=\"https:\/\/www.camping-rochelambert.com\/wp-content\/uploads\/2020\/11\/enfant-peche-famille-100x75.jpg\" data-src=\"https:\/\/www.camping-rochelambert.com\/wp-content\/uploads\/2020\/11\/enfant-peche-famille.jpg\" alt=\"enfant peche famille\" class=\"normal\" \/><\/div><div class=\"call-to-action_contenu\"><div class=\"call-to-action_titre\">Das Flussufer<\/div><\/div><\/a><\/li><\/ul><\/div><\/section>","protected":false},"excerpt":{"rendered":"","protected":false},"author":1,"featured_media":689,"parent":0,"menu_order":0,"comment_status":"closed","ping_status":"closed","template":"","meta":{"_acf_changed":false,"footnotes":""},"class_list":["post-2787","page","type-page","status-publish","has-post-thumbnail","hentry"],"acf":[],"yoast_head":"<!-- This site is optimized with the Yoast SEO plugin v25.3 - https:\/\/yoast.com\/wordpress\/plugins\/seo\/ -->\n<title>Campingplatz mit beheiztem Schwimmbad Auvergne | Aquatic area in Auvergne<\/title>\n<meta name=\"robots\" content=\"index, follow, max-snippet:-1, max-image-preview:large, max-video-preview:-1\" \/>\n<link rel=\"canonical\" href=\"https:\/\/www.camping-rochelambert.com\/de\/wasser-wasserflaeche\/\" \/>\n<meta property=\"og:locale\" content=\"de_DE\" \/>\n<meta property=\"og:type\" content=\"article\" \/>\n<meta property=\"og:title\" content=\"Campingplatz mit beheiztem Schwimmbad Auvergne | Aquatic area in Auvergne\" \/>\n<meta property=\"og:url\" content=\"https:\/\/www.camping-rochelambert.com\/de\/wasser-wasserflaeche\/\" \/>\n<meta property=\"og:site_name\" content=\"Camping Rochelambert\" \/>\n<meta property=\"article:modified_time\" content=\"2020-12-30T12:46:01+00:00\" \/>\n<meta property=\"og:image\" content=\"https:\/\/www.camping-rochelambert.com\/wp-content\/uploads\/2020\/11\/enfant-nage.jpg\" \/>\n\t<meta property=\"og:image:width\" content=\"1899\" \/>\n\t<meta property=\"og:image:height\" content=\"450\" \/>\n\t<meta property=\"og:image:type\" content=\"image\/jpeg\" \/>\n<meta name=\"twitter:card\" content=\"summary_large_image\" \/>\n<script type=\"application\/ld+json\" class=\"yoast-schema-graph\">{\"@context\":\"https:\/\/schema.org\",\"@graph\":[{\"@type\":\"WebPage\",\"@id\":\"https:\/\/www.camping-rochelambert.com\/de\/wasser-wasserflaeche\/\",\"url\":\"https:\/\/www.camping-rochelambert.com\/de\/wasser-wasserflaeche\/\",\"name\":\"Campingplatz mit beheiztem Schwimmbad Auvergne | Aquatic area in Auvergne\",\"isPartOf\":{\"@id\":\"https:\/\/www.camping-rochelambert.com\/de\/#website\"},\"primaryImageOfPage\":{\"@id\":\"https:\/\/www.camping-rochelambert.com\/de\/wasser-wasserflaeche\/#primaryimage\"},\"image\":{\"@id\":\"https:\/\/www.camping-rochelambert.com\/de\/wasser-wasserflaeche\/#primaryimage\"},\"thumbnailUrl\":\"https:\/\/www.camping-rochelambert.com\/wp-content\/uploads\/2020\/11\/enfant-nage.jpg\",\"datePublished\":\"2020-12-28T17:46:49+00:00\",\"dateModified\":\"2020-12-30T12:46:01+00:00\",\"breadcrumb\":{\"@id\":\"https:\/\/www.camping-rochelambert.com\/de\/wasser-wasserflaeche\/#breadcrumb\"},\"inLanguage\":\"de\",\"potentialAction\":[{\"@type\":\"ReadAction\",\"target\":[\"https:\/\/www.camping-rochelambert.com\/de\/wasser-wasserflaeche\/\"]}]},{\"@type\":\"ImageObject\",\"inLanguage\":\"de\",\"@id\":\"https:\/\/www.camping-rochelambert.com\/de\/wasser-wasserflaeche\/#primaryimage\",\"url\":\"https:\/\/www.camping-rochelambert.com\/wp-content\/uploads\/2020\/11\/enfant-nage.jpg\",\"contentUrl\":\"https:\/\/www.camping-rochelambert.com\/wp-content\/uploads\/2020\/11\/enfant-nage.jpg\",\"width\":1899,\"height\":450,\"caption\":\"enfant nage\"},{\"@type\":\"BreadcrumbList\",\"@id\":\"https:\/\/www.camping-rochelambert.com\/de\/wasser-wasserflaeche\/#breadcrumb\",\"itemListElement\":[{\"@type\":\"ListItem\",\"position\":1,\"name\":\"Camping Haute-Loire\",\"item\":\"https:\/\/www.camping-rochelambert.com\/de\/\"},{\"@type\":\"ListItem\",\"position\":2,\"name\":\"Unser aquatischer raum\"}]},{\"@type\":\"WebSite\",\"@id\":\"https:\/\/www.camping-rochelambert.com\/de\/#website\",\"url\":\"https:\/\/www.camping-rochelambert.com\/de\/\",\"name\":\"Camping Rochelambert\",\"description\":\"\",\"potentialAction\":[{\"@type\":\"SearchAction\",\"target\":{\"@type\":\"EntryPoint\",\"urlTemplate\":\"https:\/\/www.camping-rochelambert.com\/de\/?s={search_term_string}\"},\"query-input\":{\"@type\":\"PropertyValueSpecification\",\"valueRequired\":true,\"valueName\":\"search_term_string\"}}],\"inLanguage\":\"de\"}]}<\/script>\n<!-- \/ Yoast SEO plugin. -->","yoast_head_json":{"title":"Campingplatz mit beheiztem Schwimmbad Auvergne | Aquatic area in Auvergne","robots":{"index":"index","follow":"follow","max-snippet":"max-snippet:-1","max-image-preview":"max-image-preview:large","max-video-preview":"max-video-preview:-1"},"canonical":"https:\/\/www.camping-rochelambert.com\/de\/wasser-wasserflaeche\/","og_locale":"de_DE","og_type":"article","og_title":"Campingplatz mit beheiztem Schwimmbad Auvergne | Aquatic area in Auvergne","og_url":"https:\/\/www.camping-rochelambert.com\/de\/wasser-wasserflaeche\/","og_site_name":"Camping Rochelambert","article_modified_time":"2020-12-30T12:46:01+00:00","og_image":[{"width":1899,"height":450,"url":"https:\/\/www.camping-rochelambert.com\/wp-content\/uploads\/2020\/11\/enfant-nage.jpg","type":"image\/jpeg"}],"twitter_card":"summary_large_image","schema":{"@context":"https:\/\/schema.org","@graph":[{"@type":"WebPage","@id":"https:\/\/www.camping-rochelambert.com\/de\/wasser-wasserflaeche\/","url":"https:\/\/www.camping-rochelambert.com\/de\/wasser-wasserflaeche\/","name":"Campingplatz mit beheiztem Schwimmbad Auvergne | Aquatic area in Auvergne","isPartOf":{"@id":"https:\/\/www.camping-rochelambert.com\/de\/#website"},"primaryImageOfPage":{"@id":"https:\/\/www.camping-rochelambert.com\/de\/wasser-wasserflaeche\/#primaryimage"},"image":{"@id":"https:\/\/www.camping-rochelambert.com\/de\/wasser-wasserflaeche\/#primaryimage"},"thumbnailUrl":"https:\/\/www.camping-rochelambert.com\/wp-content\/uploads\/2020\/11\/enfant-nage.jpg","datePublished":"2020-12-28T17:46:49+00:00","dateModified":"2020-12-30T12:46:01+00:00","breadcrumb":{"@id":"https:\/\/www.camping-rochelambert.com\/de\/wasser-wasserflaeche\/#breadcrumb"},"inLanguage":"de","potentialAction":[{"@type":"ReadAction","target":["https:\/\/www.camping-rochelambert.com\/de\/wasser-wasserflaeche\/"]}]},{"@type":"ImageObject","inLanguage":"de","@id":"https:\/\/www.camping-rochelambert.com\/de\/wasser-wasserflaeche\/#primaryimage","url":"https:\/\/www.camping-rochelambert.com\/wp-content\/uploads\/2020\/11\/enfant-nage.jpg","contentUrl":"https:\/\/www.camping-rochelambert.com\/wp-content\/uploads\/2020\/11\/enfant-nage.jpg","width":1899,"height":450,"caption":"enfant nage"},{"@type":"BreadcrumbList","@id":"https:\/\/www.camping-rochelambert.com\/de\/wasser-wasserflaeche\/#breadcrumb","itemListElement":[{"@type":"ListItem","position":1,"name":"Camping Haute-Loire","item":"https:\/\/www.camping-rochelambert.com\/de\/"},{"@type":"ListItem","position":2,"name":"Unser aquatischer raum"}]},{"@type":"WebSite","@id":"https:\/\/www.camping-rochelambert.com\/de\/#website","url":"https:\/\/www.camping-rochelambert.com\/de\/","name":"Camping Rochelambert","description":"","potentialAction":[{"@type":"SearchAction","target":{"@type":"EntryPoint","urlTemplate":"https:\/\/www.camping-rochelambert.com\/de\/?s={search_term_string}"},"query-input":{"@type":"PropertyValueSpecification","valueRequired":true,"valueName":"search_term_string"}}],"inLanguage":"de"}]}},"_links":{"self":[{"href":"https:\/\/www.camping-rochelambert.com\/de\/wp-json\/wp\/v2\/pages\/2787"}],"collection":[{"href":"https:\/\/www.camping-rochelambert.com\/de\/wp-json\/wp\/v2\/pages"}],"about":[{"href":"https:\/\/www.camping-rochelambert.com\/de\/wp-json\/wp\/v2\/types\/page"}],"author":[{"embeddable":true,"href":"https:\/\/www.camping-rochelambert.com\/de\/wp-json\/wp\/v2\/users\/1"}],"replies":[{"embeddable":true,"href":"https:\/\/www.camping-rochelambert.com\/de\/wp-json\/wp\/v2\/comments?post=2787"}],"version-history":[{"count":10,"href":"https:\/\/www.camping-rochelambert.com\/de\/wp-json\/wp\/v2\/pages\/2787\/revisions"}],"predecessor-version":[{"id":3226,"href":"https:\/\/www.camping-rochelambert.com\/de\/wp-json\/wp\/v2\/pages\/2787\/revisions\/3226"}],"wp:featuredmedia":[{"embeddable":true,"href":"https:\/\/www.camping-rochelambert.com\/de\/wp-json\/wp\/v2\/media\/689"}],"wp:attachment":[{"href":"https:\/\/www.camping-rochelambert.com\/de\/wp-json\/wp\/v2\/media?parent=2787"}],"curies":[{"name":"wp","href":"https:\/\/api.w.org\/{rel}","templated":true}]}}