{"id":2825,"date":"2020-12-29T08:05:13","date_gmt":"2020-12-29T07:05:13","guid":{"rendered":"https:\/\/www.camping-rochelambert.com\/?page_id=2825"},"modified":"2023-11-14T12:34:39","modified_gmt":"2023-11-14T11:34:39","slug":"unterbringung-stellplaetze","status":"publish","type":"page","link":"https:\/\/www.camping-rochelambert.com\/de\/unterbringung-stellplaetze\/","title":{"rendered":"Unterbringung : Stellpl\u00e4tze"},"content":{"rendered":"<section id=\"section-5fb3ae43c9670\"\" class=\"section bg-white\" \/><div class=\"container extralarge\"><h1 class=\"element section-title center\">Stellplatz mieten in Auvergne<\/h1><\/div><\/section>\n\n<section id=\"section-5fbe7660f02bb\"\" class=\"section bg-white\" \/><div class=\"container extralarge\"><div class=\"element bloc-text\">\n\t<script>\r\n    window.ctoutvert = {\r\n        id: 4700,\r\n        lang: 'de',\r\n        url: 'https:\/\/bookingpremium.secureholiday.net\/widgets\/', \r\n    };\r\n\r\n    (function (w, d, s, ctv, r, js, fjs) {\r\n        r=new XMLHttpRequest();r.open('GET',w[ctv].url+'js\/src.json');\r\n        r.responseType='json';r.json=true;r.send();\r\n        r.onload=function(){w[ctv].src=r.responseType=='json'?r.response:JSON.parse(r.response);\r\n        js.src=w[ctv].src[0];fjs.parentNode.insertBefore(js, fjs);}\r\n        js=d.createElement(s),fjs=d.getElementsByTagName(s)[0];\r\n        js.id='ctvwidget';js.async=1;\r\n    }(window, document, 'script', 'ctoutvert'));\r\n<\/script>\r\n\r\n<ctv-availability data-product-type='pitch' data-show-full-months='false' ><\/ctv-availability><\/div><\/div><\/section>\n\n<section id=\"section-5fb3ae43c98f8\"\" class=\"section bg-color2 p-t-0 p-b-0\" \/><div class=\"container full\"><div class=\"colonnes-wrap valign-middle \"><div class=\"element colonne p-0\"><div class=\"element images scroll-x-mobile\"><div class=\"image\"><img decoding=\"async\" src=\"https:\/\/www.camping-rochelambert.com\/wp-content\/uploads\/2020\/12\/emplacement-nature-100x79.jpg\" data-src=\"https:\/\/www.camping-rochelambert.com\/wp-content\/uploads\/2020\/12\/emplacement-nature.jpg\" alt=\"nat\u00fcrliche Lage\" class=\"images_image\" \/><\/div><\/div><\/div><div class=\"element colonne p-x-8\"><h2 class=\"element section-title center\">Unsere Standorte in Saint-Paulien<\/h2><div class=\"element bloc-text justify \">\n\t<p>Die Standortwahl ist ein strategisches Unterfangen: halbschattig, sonnig, ganz schattig, in der N\u00e4he von sanit\u00e4ren Anlagen, Spielpl\u00e4tzen?<\/p>\n<p>Auf dem <a href=\"\/de\/\">Campingplatz Die Rochelambert<\/a> werden wir Sie je nach Wetterlage beraten k\u00f6nnen. Sie haben die Wahl zwischen unseren <a href=\"https:\/\/www.camping-rochelambert.com\/de\/unterbringung-vermietungen\/\">Unterk\u00fcnften<\/a> und Stellpl\u00e4tzen zum <a href=\"https:\/\/www.camping-rochelambert.com\/de\/unterbringung-preise-sonderangebote\/\">kleinen Preis<\/a>. Der Campingplatz ist auf seinen 4 Hektar landschaftlich gestaltet. Sie werden vom Gesang der V\u00f6gel eingelullt werden, unser Campingplatz ist ein <strong class=\"bold color1\">Refugium LPO<\/strong> (Liga f\u00fcr den Schutz der V\u00f6gel).<\/p>\n<p>Alle unsere Stellpl\u00e4tze sind etwa 100 m2 oder noch gr\u00f6\u00dfer. Holzkohlegrills sind erlaubt, wenn Sie sie brauchen, wir mieten sie. Denken Sie daran, einen an der Rezeption zu reservieren. Am Eingang des Campingplatzes befindet sich ein Servicebereich f\u00fcr Wohnwagen und Wohnmobile.<\/p>\n<\/div><\/div><\/div><\/div><\/section>\n\n<section id=\"section-5fb3ae43c9b1e\"\" class=\"section bg-white p-t-0 p-b-0\" \/><div class=\"container full\"><div class=\"element images scroll-x-mobile\"><div class=\"image\"><img decoding=\"async\" src=\"https:\/\/www.camping-rochelambert.com\/wp-content\/uploads\/2020\/11\/caravane-famille-100x84.jpg\" data-src=\"https:\/\/www.camping-rochelambert.com\/wp-content\/uploads\/2020\/11\/caravane-famille.jpg\" alt=\"Familienwohnwagen\" class=\"images_image\" \/><\/div><div class=\"image\"><img decoding=\"async\" src=\"https:\/\/www.camping-rochelambert.com\/wp-content\/uploads\/2020\/12\/tente-nature-100x85.jpg\" data-src=\"https:\/\/www.camping-rochelambert.com\/wp-content\/uploads\/2020\/12\/tente-nature.jpg\" alt=\"Zeltfreunde\" class=\"images_image\" \/><\/div><div class=\"image\"><img decoding=\"async\" src=\"https:\/\/www.camping-rochelambert.com\/wp-content\/uploads\/2020\/11\/camping-car-100x84.jpg\" data-src=\"https:\/\/www.camping-rochelambert.com\/wp-content\/uploads\/2020\/11\/camping-car.jpg\" alt=\"Campingwagen\" class=\"images_image\" \/><\/div><div class=\"image\"><img decoding=\"async\" src=\"https:\/\/www.camping-rochelambert.com\/wp-content\/uploads\/2020\/12\/emplacement-camping-100x85.jpg\" data-src=\"https:\/\/www.camping-rochelambert.com\/wp-content\/uploads\/2020\/12\/emplacement-camping.jpg\" alt=\"terrasse mobil home\" class=\"images_image\" \/><\/div><\/div><\/div><\/section>\n\n<section id=\"section-5fb3a72228e22\"\" class=\"section bg-color2 p-t-0 p-b-0\" \/><div class=\"container full\"><div class=\"colonnes-wrap valign-middle \"><div class=\"element colonne p-x-8\"><h2 class=\"element section-title center\">Unser Angebot an Stellpl\u00e4tzen<\/h2><div class=\"element bloc-text justify \">\n\t<ul>\n<li><strong class=\"bold color1\">Nat\u00fcrliche Tonh\u00f6hen<\/strong><\/li>\n<\/ul>\n<p>Am Flussufer verzaubern die <strong class=\"bold color1\">12 nat\u00fcrlichen <\/strong> Stellpl\u00e4tze mit dem Rauschen des flie\u00dfenden Wassers und dem Gef\u00fchl von Weite, das Sie erleben werden. Sie erreichen sie mit Ihrem Fahrzeug \u00fcber eine gute Stra\u00dfe. Sie k\u00f6nnen Ihr Motorrad, Ihr Auto oder Ihren Transporter auf dem Gel\u00e4nde parken. Kommen Sie zum Campen in ein <strong class=\"bold color1\">kleines gr\u00fcnes Paradies<\/strong>.<\/p>\n<ul>\n<li><strong class=\"bold color1\">Stellpl\u00e4tze mit Strom<\/strong><\/li>\n<\/ul>\n<p>Im oberen Teil des Campingplatzes haben alle Stellpl\u00e4tze Strom. Kleine und gro\u00dfe B\u00e4ume spenden Schatten, wann immer Sie es w\u00fcnschen. Die Wasserstellen sind gleichm\u00e4\u00dfig verteilt.  <\/p>\n<p>F\u00fcr Zelte, Wohnwagen oder Wohnmobile, die Strom ben\u00f6tigen, gibt es <strong class=\"bold color1\">57 Komfort-Stellpl\u00e4tze<\/strong>. Die elektrischen Anschl\u00fcsse sind 16 A. Die Stellpl\u00e4tze sind durch verschiedene Hecken abgegrenzt. Sie haben das Vergn\u00fcgen der Privatsph\u00e4re oder, wenn Sie sich entscheiden, die Freude, mit anderen Campern zu teilen. Es gibt Gegenaufsteller, die es f\u00fcr kleine Kinder sicher machen, sich zu bewegen. <\/p>\n<p><strong class=\"bold color1\">Vier privilegierte Stellpl\u00e4tze<\/strong> haben Wasser, Strom und Grauwasserabfluss auf dem Grundst\u00fcck. Au\u00dferdem bieten sie einen offenen und nat\u00fcrlichen Ausblick. <\/p>\n<p>Auf dem Campingplatz La Rochelambert gibt es zwei Sanit\u00e4ranlagen. Im Juli und August werden sie 4-mal t\u00e4glich gereinigt und desinfiziert. Eines der Sanit\u00e4rgeb\u00e4ude ist f\u00fcr Menschen mit eingeschr\u00e4nkter Mobilit\u00e4t zug\u00e4nglich. Au\u00dferdem steht Ihnen eine Babykabine mit Wickeltisch und Badewanne zur Verf\u00fcgung.  <\/p>\n<p>Ein <strong class=\"bold color1\">gro\u00dfes Naturgebiet<\/strong> erweitert die Stellpl\u00e4tze im hinteren Teil des Campingplatzes. Hier k\u00f6nnen Sie in einer H\u00e4ngematte faulenzen, Beeren pfl\u00fccken oder spielen.<\/p>\n<\/div><\/div><div class=\"element colonne p-0\"><div class=\"element images scroll-x-mobile\"><div class=\"image\"><img decoding=\"async\" src=\"https:\/\/www.camping-rochelambert.com\/wp-content\/uploads\/2020\/12\/emplacement-famille-camping-100x79.jpg\" data-src=\"https:\/\/www.camping-rochelambert.com\/wp-content\/uploads\/2020\/12\/emplacement-famille-camping.jpg\" alt=\"amis versuchen zu campen\" class=\"images_image\" \/><\/div><\/div><\/div><\/div><\/div><\/section>\n\n<section id=\"section-5fb3ae43ca1b6\"\" class=\"section bg-white p-b-0\" \/><div class=\"container extralarge\"><div class=\"element section-title center\">Entdecken Sie unsere Unterk\u00fcnfte und Preise<\/div><ul class=\"liste-de-page\"><li class=\"element call-to-action center call-to-action--style-1 call-to-action--normal\"><a href=\"https:\/\/www.camping-rochelambert.com\/de\/campingplatz-dienstleistungencamp\/\"  class=\"call-to-action_link\" title=\"Erfahren Sie mehr \u00fcber unser service\"><div class=\"call-to-action_image\"><img decoding=\"async\" src=\"https:\/\/www.camping-rochelambert.com\/wp-content\/uploads\/2020\/11\/camping-rochelambert-cta-services-100x77.jpg\" data-src=\"https:\/\/www.camping-rochelambert.com\/wp-content\/uploads\/2020\/11\/camping-rochelambert-cta-services.jpg\" alt=\"\" class=\"normal\" \/><\/div><div class=\"call-to-action_contenu\"><div class=\"call-to-action_titre\">Unser Service<\/div><\/div><\/a><\/li><li class=\"element call-to-action center call-to-action--style-1 call-to-action--normal call-to-action--style-1 call-to-action--normal\"><a href=\"https:\/\/www.camping-rochelambert.com\/de\/unterbringung-vermietungen\/\"  class=\"call-to-action_link\" title=\"Erfahren Sie mehr \u00fcber unsere vermietungen\"><div class=\"call-to-action_image\"><img decoding=\"async\" src=\"https:\/\/www.camping-rochelambert.com\/wp-content\/uploads\/2020\/11\/camping-rochelambert-cta-mobil-home-91x100.jpg\" data-src=\"https:\/\/www.camping-rochelambert.com\/wp-content\/uploads\/2020\/11\/camping-rochelambert-cta-mobil-home.jpg\" alt=\"\" class=\"normal\" \/><\/div><div class=\"call-to-action_contenu\"><div class=\"call-to-action_titre\">Unsere Vermietungen<\/div><\/div><\/a><\/li><li class=\"element call-to-action center call-to-action--style-1 call-to-action--normal call-to-action--style-1 call-to-action--normal call-to-action--style-1 call-to-action--normal\"><a href=\"https:\/\/www.camping-rochelambert.com\/de\/unterbringung-preise-sonderangebote\/\"  class=\"call-to-action_link\" title=\"Erfahren Sie mehr \u00fcber in tarifen\"><div class=\"call-to-action_image\"><img decoding=\"async\" src=\"https:\/\/www.camping-rochelambert.com\/wp-content\/uploads\/2020\/12\/tarifs-rochelambert-91x100.jpg\" data-src=\"https:\/\/www.camping-rochelambert.com\/wp-content\/uploads\/2020\/12\/tarifs-rochelambert.jpg\" alt=\"tarifs rochelambert\" class=\"normal\" \/><\/div><div class=\"call-to-action_contenu\"><div class=\"call-to-action_titre\">In Tarifen<\/div><\/div><\/a><\/li><\/ul><\/div><\/section>","protected":false},"excerpt":{"rendered":"","protected":false},"author":1,"featured_media":1623,"parent":0,"menu_order":0,"comment_status":"closed","ping_status":"closed","template":"","meta":{"_acf_changed":false,"footnotes":""},"class_list":["post-2825","page","type-page","status-publish","has-post-thumbnail","hentry"],"acf":[],"yoast_head":"<!-- This site is optimized with the Yoast SEO plugin v25.3 - https:\/\/yoast.com\/wordpress\/plugins\/seo\/ -->\n<title>Stellpl\u00e4tze zur Miete in Auvergne | Caravaning in Saint-Paulien (43)<\/title>\n<meta name=\"robots\" content=\"index, follow, max-snippet:-1, max-image-preview:large, max-video-preview:-1\" \/>\n<link rel=\"canonical\" href=\"https:\/\/www.camping-rochelambert.com\/de\/unterbringung-stellplaetze\/\" \/>\n<meta property=\"og:locale\" content=\"de_DE\" \/>\n<meta property=\"og:type\" content=\"article\" \/>\n<meta property=\"og:title\" content=\"Stellpl\u00e4tze zur Miete in Auvergne | Caravaning in Saint-Paulien (43)\" \/>\n<meta property=\"og:url\" content=\"https:\/\/www.camping-rochelambert.com\/de\/unterbringung-stellplaetze\/\" \/>\n<meta property=\"og:site_name\" content=\"Camping Rochelambert\" \/>\n<meta property=\"article:modified_time\" content=\"2023-11-14T11:34:39+00:00\" \/>\n<meta property=\"og:image\" content=\"https:\/\/www.camping-rochelambert.com\/wp-content\/uploads\/2020\/11\/enfant-camping.jpg\" \/>\n\t<meta property=\"og:image:width\" content=\"1903\" \/>\n\t<meta property=\"og:image:height\" content=\"450\" \/>\n\t<meta property=\"og:image:type\" content=\"image\/jpeg\" \/>\n<meta name=\"twitter:card\" content=\"summary_large_image\" \/>\n<script type=\"application\/ld+json\" class=\"yoast-schema-graph\">{\"@context\":\"https:\/\/schema.org\",\"@graph\":[{\"@type\":\"WebPage\",\"@id\":\"https:\/\/www.camping-rochelambert.com\/de\/unterbringung-stellplaetze\/\",\"url\":\"https:\/\/www.camping-rochelambert.com\/de\/unterbringung-stellplaetze\/\",\"name\":\"Stellpl\u00e4tze zur Miete in Auvergne | Caravaning in Saint-Paulien (43)\",\"isPartOf\":{\"@id\":\"https:\/\/www.camping-rochelambert.com\/de\/#website\"},\"primaryImageOfPage\":{\"@id\":\"https:\/\/www.camping-rochelambert.com\/de\/unterbringung-stellplaetze\/#primaryimage\"},\"image\":{\"@id\":\"https:\/\/www.camping-rochelambert.com\/de\/unterbringung-stellplaetze\/#primaryimage\"},\"thumbnailUrl\":\"https:\/\/www.camping-rochelambert.com\/wp-content\/uploads\/2020\/11\/enfant-camping.jpg\",\"datePublished\":\"2020-12-29T07:05:13+00:00\",\"dateModified\":\"2023-11-14T11:34:39+00:00\",\"breadcrumb\":{\"@id\":\"https:\/\/www.camping-rochelambert.com\/de\/unterbringung-stellplaetze\/#breadcrumb\"},\"inLanguage\":\"de\",\"potentialAction\":[{\"@type\":\"ReadAction\",\"target\":[\"https:\/\/www.camping-rochelambert.com\/de\/unterbringung-stellplaetze\/\"]}]},{\"@type\":\"ImageObject\",\"inLanguage\":\"de\",\"@id\":\"https:\/\/www.camping-rochelambert.com\/de\/unterbringung-stellplaetze\/#primaryimage\",\"url\":\"https:\/\/www.camping-rochelambert.com\/wp-content\/uploads\/2020\/11\/enfant-camping.jpg\",\"contentUrl\":\"https:\/\/www.camping-rochelambert.com\/wp-content\/uploads\/2020\/11\/enfant-camping.jpg\",\"width\":1903,\"height\":450,\"caption\":\"43\"},{\"@type\":\"BreadcrumbList\",\"@id\":\"https:\/\/www.camping-rochelambert.com\/de\/unterbringung-stellplaetze\/#breadcrumb\",\"itemListElement\":[{\"@type\":\"ListItem\",\"position\":1,\"name\":\"Camping Haute-Loire\",\"item\":\"https:\/\/www.camping-rochelambert.com\/de\/\"},{\"@type\":\"ListItem\",\"position\":2,\"name\":\"Standortvermietung\"}]},{\"@type\":\"WebSite\",\"@id\":\"https:\/\/www.camping-rochelambert.com\/de\/#website\",\"url\":\"https:\/\/www.camping-rochelambert.com\/de\/\",\"name\":\"Camping Rochelambert\",\"description\":\"\",\"potentialAction\":[{\"@type\":\"SearchAction\",\"target\":{\"@type\":\"EntryPoint\",\"urlTemplate\":\"https:\/\/www.camping-rochelambert.com\/de\/?s={search_term_string}\"},\"query-input\":{\"@type\":\"PropertyValueSpecification\",\"valueRequired\":true,\"valueName\":\"search_term_string\"}}],\"inLanguage\":\"de\"}]}<\/script>\n<!-- \/ Yoast SEO plugin. -->","yoast_head_json":{"title":"Stellpl\u00e4tze zur Miete in Auvergne | Caravaning in Saint-Paulien (43)","robots":{"index":"index","follow":"follow","max-snippet":"max-snippet:-1","max-image-preview":"max-image-preview:large","max-video-preview":"max-video-preview:-1"},"canonical":"https:\/\/www.camping-rochelambert.com\/de\/unterbringung-stellplaetze\/","og_locale":"de_DE","og_type":"article","og_title":"Stellpl\u00e4tze zur Miete in Auvergne | Caravaning in Saint-Paulien (43)","og_url":"https:\/\/www.camping-rochelambert.com\/de\/unterbringung-stellplaetze\/","og_site_name":"Camping Rochelambert","article_modified_time":"2023-11-14T11:34:39+00:00","og_image":[{"width":1903,"height":450,"url":"https:\/\/www.camping-rochelambert.com\/wp-content\/uploads\/2020\/11\/enfant-camping.jpg","type":"image\/jpeg"}],"twitter_card":"summary_large_image","schema":{"@context":"https:\/\/schema.org","@graph":[{"@type":"WebPage","@id":"https:\/\/www.camping-rochelambert.com\/de\/unterbringung-stellplaetze\/","url":"https:\/\/www.camping-rochelambert.com\/de\/unterbringung-stellplaetze\/","name":"Stellpl\u00e4tze zur Miete in Auvergne | Caravaning in Saint-Paulien (43)","isPartOf":{"@id":"https:\/\/www.camping-rochelambert.com\/de\/#website"},"primaryImageOfPage":{"@id":"https:\/\/www.camping-rochelambert.com\/de\/unterbringung-stellplaetze\/#primaryimage"},"image":{"@id":"https:\/\/www.camping-rochelambert.com\/de\/unterbringung-stellplaetze\/#primaryimage"},"thumbnailUrl":"https:\/\/www.camping-rochelambert.com\/wp-content\/uploads\/2020\/11\/enfant-camping.jpg","datePublished":"2020-12-29T07:05:13+00:00","dateModified":"2023-11-14T11:34:39+00:00","breadcrumb":{"@id":"https:\/\/www.camping-rochelambert.com\/de\/unterbringung-stellplaetze\/#breadcrumb"},"inLanguage":"de","potentialAction":[{"@type":"ReadAction","target":["https:\/\/www.camping-rochelambert.com\/de\/unterbringung-stellplaetze\/"]}]},{"@type":"ImageObject","inLanguage":"de","@id":"https:\/\/www.camping-rochelambert.com\/de\/unterbringung-stellplaetze\/#primaryimage","url":"https:\/\/www.camping-rochelambert.com\/wp-content\/uploads\/2020\/11\/enfant-camping.jpg","contentUrl":"https:\/\/www.camping-rochelambert.com\/wp-content\/uploads\/2020\/11\/enfant-camping.jpg","width":1903,"height":450,"caption":"43"},{"@type":"BreadcrumbList","@id":"https:\/\/www.camping-rochelambert.com\/de\/unterbringung-stellplaetze\/#breadcrumb","itemListElement":[{"@type":"ListItem","position":1,"name":"Camping Haute-Loire","item":"https:\/\/www.camping-rochelambert.com\/de\/"},{"@type":"ListItem","position":2,"name":"Standortvermietung"}]},{"@type":"WebSite","@id":"https:\/\/www.camping-rochelambert.com\/de\/#website","url":"https:\/\/www.camping-rochelambert.com\/de\/","name":"Camping Rochelambert","description":"","potentialAction":[{"@type":"SearchAction","target":{"@type":"EntryPoint","urlTemplate":"https:\/\/www.camping-rochelambert.com\/de\/?s={search_term_string}"},"query-input":{"@type":"PropertyValueSpecification","valueRequired":true,"valueName":"search_term_string"}}],"inLanguage":"de"}]}},"_links":{"self":[{"href":"https:\/\/www.camping-rochelambert.com\/de\/wp-json\/wp\/v2\/pages\/2825"}],"collection":[{"href":"https:\/\/www.camping-rochelambert.com\/de\/wp-json\/wp\/v2\/pages"}],"about":[{"href":"https:\/\/www.camping-rochelambert.com\/de\/wp-json\/wp\/v2\/types\/page"}],"author":[{"embeddable":true,"href":"https:\/\/www.camping-rochelambert.com\/de\/wp-json\/wp\/v2\/users\/1"}],"replies":[{"embeddable":true,"href":"https:\/\/www.camping-rochelambert.com\/de\/wp-json\/wp\/v2\/comments?post=2825"}],"version-history":[{"count":14,"href":"https:\/\/www.camping-rochelambert.com\/de\/wp-json\/wp\/v2\/pages\/2825\/revisions"}],"predecessor-version":[{"id":4174,"href":"https:\/\/www.camping-rochelambert.com\/de\/wp-json\/wp\/v2\/pages\/2825\/revisions\/4174"}],"wp:featuredmedia":[{"embeddable":true,"href":"https:\/\/www.camping-rochelambert.com\/de\/wp-json\/wp\/v2\/media\/1623"}],"wp:attachment":[{"href":"https:\/\/www.camping-rochelambert.com\/de\/wp-json\/wp\/v2\/media?parent=2825"}],"curies":[{"name":"wp","href":"https:\/\/api.w.org\/{rel}","templated":true}]}}