{"id":2109,"date":"2020-12-22T15:57:27","date_gmt":"2020-12-22T14:57:27","guid":{"rendered":"https:\/\/www.camping-rochelambert.com\/?page_id=2109"},"modified":"2020-12-30T11:26:00","modified_gmt":"2020-12-30T10:26:00","slug":"omgeving-de-haute-loire","status":"publish","type":"page","link":"https:\/\/www.camping-rochelambert.com\/en\/omgeving-de-haute-loire\/","title":{"rendered":"Surroundings : The Haute Loire"},"content":{"rendered":"<section id=\"section-5fb3ae43c9670\"\" class=\"section bg-white\" \/><div class=\"container extralarge\"><h1 class=\"element section-title center\">Visit the Haute-Loire<\/h1><\/div><\/section>\n\n<section id=\"section-5fb3ae43c98f8\"\" class=\"section bg-color2 p-t-0 p-b-0\" \/><div class=\"container full\"><div class=\"colonnes-wrap valign-middle \"><div class=\"element colonne p-0\"><div class=\"element images scroll-x-mobile\"><div class=\"image\"><img decoding=\"async\" src=\"https:\/\/www.camping-rochelambert.com\/wp-content\/uploads\/2020\/12\/chateau-rochelambert-100x74.jpg\" data-src=\"https:\/\/www.camping-rochelambert.com\/wp-content\/uploads\/2020\/12\/chateau-rochelambert.jpg\" alt=\"castle rochelambert\" class=\"images_image\" \/><\/div><\/div><\/div><div class=\"element colonne p-x-8\"><h2 class=\"element section-title center\">What to see and do in the Haute-Loire?<\/h2><div class=\"element bloc-text justify \">\n\t<p><strong class=\"bold color1\">300 volcanoes<\/strong> are listed in the south of Auvergne in Haute-Loire. Come and take a walk there and enjoy what there is to see and do. <\/p>\n<p>Just next to the <a href=\"\/en\/\">camping Auvergne<\/a>, there is the superb <strong class=\"bold color1\">camping Canopy<\/strong> in the forest with impressive zip lines. In the commune of Saint-Paulien you will find a go-kart, a paintball and an aquatic centre. <\/p>\n<p>We have spotted <strong class=\"bold color1\">walks<\/strong> around the campsite, we will lend you maps and give you all the explanations to enjoy them. We also have hiking guides to lend. <\/p>\n<p>The <strong class=\"bold color1\">castle of the Rochelambert<\/strong> has been leaning against its basalt cliff since the 11th century. A 10 minute walk from the entrance to the campsite, its visit will enchant you with its museum pieces and the beauty of its construction. <\/p>\n<\/div><\/div><\/div><\/div><\/section>\n\n<section id=\"section-5fb3ae43c9b1e\"\" class=\"section bg-white p-t-0 p-b-0\" \/><div class=\"container full\"><div class=\"element images scroll-x-mobile\"><div class=\"image\"><img decoding=\"async\" src=\"https:\/\/www.camping-rochelambert.com\/wp-content\/uploads\/2020\/11\/lavoute-polignac-100x84.jpg\" data-src=\"https:\/\/www.camping-rochelambert.com\/wp-content\/uploads\/2020\/11\/lavoute-polignac.jpg\" alt=\"lavoute polignac\" class=\"images_image\" \/><\/div><div class=\"image\"><img decoding=\"async\" src=\"https:\/\/www.camping-rochelambert.com\/wp-content\/uploads\/2020\/11\/mont-mezenc-100x84.jpg\" data-src=\"https:\/\/www.camping-rochelambert.com\/wp-content\/uploads\/2020\/11\/mont-mezenc.jpg\" alt=\"mont m\u00e9zenc\" class=\"images_image\" \/><\/div><div class=\"image\"><img decoding=\"async\" src=\"https:\/\/www.camping-rochelambert.com\/wp-content\/uploads\/2020\/11\/potence-et-mont-bar-allegre-100x84.jpg\" data-src=\"https:\/\/www.camping-rochelambert.com\/wp-content\/uploads\/2020\/11\/potence-et-mont-bar-allegre.jpg\" alt=\"potence and mont bar all\u00e8gre\" class=\"images_image\" \/><\/div><div class=\"image\"><img decoding=\"async\" src=\"https:\/\/www.camping-rochelambert.com\/wp-content\/uploads\/2020\/11\/lac-du-bouchet-100x84.jpg\" data-src=\"https:\/\/www.camping-rochelambert.com\/wp-content\/uploads\/2020\/11\/lac-du-bouchet.jpg\" alt=\"lac from bouchet\" class=\"images_image\" \/><\/div><\/div><\/div><\/section>\n\n<section id=\"section-5fb3a72228e22\"\" class=\"section bg-color2 p-t-0 p-b-0\" \/><div class=\"container full\"><div class=\"colonnes-wrap valign-middle \"><div class=\"element colonne p-x-8\"><h2 class=\"element section-title center\">Castles in Haute-Loire<\/h2><div class=\"element bloc-text justify \">\n\t<p>Between the campsite and <a href=\"https:\/\/www.camping-rochelambert.com\/en\/campsite-puy-en-velay\/\">The Puy-en-Velay<\/a>, the fortress of Saint-Vidal offers to tell you stories of the great History of France. Along your wandering visit, you will have at least one surprise per room! A <strong class=\"bold color1\">great show<\/strong> with costumed actors, animations playing the latest technologies&#8230;<\/p>\n<p>One or two evenings a week, in high season a show with 200 extras will make you relive a historical attack on the castle. Discounts for the users of the campsite will be offered.<\/p>\n<p>Also at 10 km from the campsite the <strong class=\"bold color1\">fortress of Polignac<\/strong> proposes you to discover the Middle Ages. Built on a rocky promontory, protected by cliffs, it has often fought against invaders. We love its aspect of an isolated and fortified island out of modern times. <\/p>\n<p>Your children will love to explore and play the treasure hunt organised by the tourist office.<\/p>\n<p><strong class=\"bold color1\">Mundane notebook :<\/strong> it is a Polignac who, by marrying a Grimaldi, will have a son who will be Prince Rainier, father of Prince Albert, current sovereign of the Principality of Monaco. <\/p>\n<p>Near the campsite visit <strong class=\"bold color1\">All\u00e8gre and his gallows<\/strong>. This is a unique stone frame for your panoramic photos of the Velay plateau and its volcanoes in Auvergne. Just opposite the village, the Mont Bar and its walk around the crater shows a peat bog and its precious flora. The easy hike of about 2 hours is punctuated with guessing boards for children.<br \/>\nThere are still many places with castles to visit. <\/p>\n<\/div><\/div><div class=\"element colonne p-0\"><div class=\"element images scroll-x-mobile\"><div class=\"image\"><img decoding=\"async\" src=\"https:\/\/www.camping-rochelambert.com\/wp-content\/uploads\/2020\/11\/forteresse-de-polignac-100x79.jpg\" data-src=\"https:\/\/www.camping-rochelambert.com\/wp-content\/uploads\/2020\/11\/forteresse-de-polignac.jpg\" alt=\"forteresse from polignac\" class=\"images_image\" \/><\/div><\/div><\/div><\/div><\/div><\/section>\n\n<section id=\"section-5fb3a725560e8\"\" class=\"section bg-color2 p-t-0 p-b-0\" \/><div class=\"container full\"><div class=\"colonnes-wrap valign-middle \"><div class=\"element colonne p-0\"><div class=\"element images scroll-x-mobile\"><div class=\"image\"><img decoding=\"async\" src=\"https:\/\/www.camping-rochelambert.com\/wp-content\/uploads\/2020\/11\/la-chaise-dieu-100x79.jpg\" data-src=\"https:\/\/www.camping-rochelambert.com\/wp-content\/uploads\/2020\/11\/la-chaise-dieu.jpg\" alt=\"the chaise dieu\" class=\"images_image\" \/><\/div><\/div><\/div><div class=\"element colonne p-x-8\"><h2 class=\"element section-title center\">Other visits in Haute-Loire<\/h2><div class=\"element bloc-text justify \">\n\t<p>We love the <strong class=\"bold color1\">lake from Bouchet<\/strong> ! A perfect round surrounded by dense greenery. It is the perfect illustration of what a volcano lake is. Take your swimming costume, you can swim in it. <\/p>\n<p>On the way there, a stop at the Beaume waterfall is a must. Its elegant grey water curtain can be discovered after a short 20-minute walk.  <\/p>\n<p><The Chaise-Dieu<\/strong> is famous for its music festival. All year round, guided tours take you to discover a place full of faith and stories that go back more than 1000 years. A pope is buried there, a fresco of macabre dance, 15th century tapestries, a cloister will be revealed to you. <\/p>\n<p>The <strong class=\"bold color1\">Gorges of the Allier<\/strong> are truly beautiful and wild. We advise you to go down them by canoe or rafting. The <strong class=\"bold color1\">gorges of the jeune Loire<\/strong> offer beautiful landscapes and some river swimming beaches. <\/p>\n<p>A little further on, the Mont M\u00e9zenc (pronounced [m\u00e9zin]) separates the Haute-Loire from the Ard\u00e8che. At 45 minutes from the campsite you can play summer tobogganing at Lugik parc or encounter a mountain landscape with an incredible view that stretches all the way to the Alps. Beautiful walks can be made on and around this peak.  <\/p>\n<\/div><\/div><\/div><\/div><\/section>\n\n<section id=\"section-5fb3ae43ca1b6\"\" class=\"section bg-white p-b-0\" \/><div class=\"container extralarge\"><div class=\"element section-title center\">Discover the surroundings of the Haute-Loire<\/div><ul class=\"liste-de-page\"><li class=\"element call-to-action center call-to-action--style-1 call-to-action--normal\"><a href=\"https:\/\/www.camping-rochelambert.com\/en\/campsite-puy-en-velay\/\"  class=\"call-to-action_link\" title=\"Find out more about le puy-en-velay\"><div class=\"call-to-action_image\"><img decoding=\"async\" src=\"https:\/\/www.camping-rochelambert.com\/wp-content\/uploads\/2020\/11\/puy-en-velay-100x75.jpg\" data-src=\"https:\/\/www.camping-rochelambert.com\/wp-content\/uploads\/2020\/11\/puy-en-velay.jpg\" alt=\"puy en velay\" class=\"normal\" \/><\/div><div class=\"call-to-action_contenu\"><div class=\"call-to-action_titre\">Le Puy-en-Velay<\/div><\/div><\/a><\/li><li class=\"element call-to-action center call-to-action--style-1 call-to-action--normal call-to-action--style-1 call-to-action--normal\"><a href=\"https:\/\/www.camping-rochelambert.com\/en\/campsite-ecology\/\"  class=\"call-to-action_link\" title=\"Find out more about ecology\"><div class=\"call-to-action_image\"><img decoding=\"async\" src=\"https:\/\/www.camping-rochelambert.com\/wp-content\/uploads\/2020\/11\/plantation-jardin-2-100x84.jpg\" data-src=\"https:\/\/www.camping-rochelambert.com\/wp-content\/uploads\/2020\/11\/plantation-jardin-2.jpg\" alt=\"plantation jardin\" class=\"normal\" \/><\/div><div class=\"call-to-action_contenu\"><div class=\"call-to-action_titre\">Ecology<\/div><\/div><\/a><\/li><li class=\"element call-to-action center call-to-action--style-1 call-to-action--normal call-to-action--style-1 call-to-action--normal call-to-action--style-1 call-to-action--normal\"><a href=\"https:\/\/www.camping-rochelambert.com\/en\/water-riverside\/\"  class=\"call-to-action_link\" title=\"Find out more about the riverside\"><div class=\"call-to-action_image\"><img decoding=\"async\" src=\"https:\/\/www.camping-rochelambert.com\/wp-content\/uploads\/2020\/11\/enfant-peche-famille-100x75.jpg\" data-src=\"https:\/\/www.camping-rochelambert.com\/wp-content\/uploads\/2020\/11\/enfant-peche-famille.jpg\" alt=\"enfant peche famille\" class=\"normal\" \/><\/div><div class=\"call-to-action_contenu\"><div class=\"call-to-action_titre\">The riverside<\/div><\/div><\/a><\/li><\/ul><\/div><\/section>","protected":false},"excerpt":{"rendered":"","protected":false},"author":1,"featured_media":1863,"parent":0,"menu_order":0,"comment_status":"closed","ping_status":"closed","template":"","meta":{"_acf_changed":false,"footnotes":""},"class_list":["post-2109","page","type-page","status-publish","has-post-thumbnail","hentry"],"acf":[],"yoast_head":"<!-- This site is optimized with the Yoast SEO plugin v25.3 - https:\/\/yoast.com\/wordpress\/plugins\/seo\/ -->\n<title>Camping Haute-Loire | Discover the Haute-Loire | Visit the Haute-Loire (43)<\/title>\n<meta name=\"robots\" content=\"index, follow, max-snippet:-1, max-image-preview:large, max-video-preview:-1\" \/>\n<link rel=\"canonical\" href=\"https:\/\/www.camping-rochelambert.com\/en\/omgeving-de-haute-loire\/\" \/>\n<meta property=\"og:locale\" content=\"en_US\" \/>\n<meta property=\"og:type\" content=\"article\" \/>\n<meta property=\"og:title\" content=\"Camping Haute-Loire | Discover the Haute-Loire | Visit the Haute-Loire (43)\" \/>\n<meta property=\"og:url\" content=\"https:\/\/www.camping-rochelambert.com\/en\/omgeving-de-haute-loire\/\" \/>\n<meta property=\"og:site_name\" content=\"Camping Rochelambert\" \/>\n<meta property=\"article:modified_time\" content=\"2020-12-30T10:26:00+00:00\" \/>\n<meta property=\"og:image\" content=\"https:\/\/www.camping-rochelambert.com\/wp-content\/uploads\/2020\/12\/pays-haute-loire.jpg\" \/>\n\t<meta property=\"og:image:width\" content=\"1903\" \/>\n\t<meta property=\"og:image:height\" content=\"450\" \/>\n\t<meta property=\"og:image:type\" content=\"image\/jpeg\" \/>\n<meta name=\"twitter:card\" content=\"summary_large_image\" \/>\n<script type=\"application\/ld+json\" class=\"yoast-schema-graph\">{\"@context\":\"https:\/\/schema.org\",\"@graph\":[{\"@type\":\"WebPage\",\"@id\":\"https:\/\/www.camping-rochelambert.com\/en\/omgeving-de-haute-loire\/\",\"url\":\"https:\/\/www.camping-rochelambert.com\/en\/omgeving-de-haute-loire\/\",\"name\":\"Camping Haute-Loire | Discover the Haute-Loire | Visit the Haute-Loire (43)\",\"isPartOf\":{\"@id\":\"https:\/\/www.camping-rochelambert.com\/en\/#website\"},\"primaryImageOfPage\":{\"@id\":\"https:\/\/www.camping-rochelambert.com\/en\/omgeving-de-haute-loire\/#primaryimage\"},\"image\":{\"@id\":\"https:\/\/www.camping-rochelambert.com\/en\/omgeving-de-haute-loire\/#primaryimage\"},\"thumbnailUrl\":\"https:\/\/www.camping-rochelambert.com\/wp-content\/uploads\/2020\/12\/pays-haute-loire.jpg\",\"datePublished\":\"2020-12-22T14:57:27+00:00\",\"dateModified\":\"2020-12-30T10:26:00+00:00\",\"breadcrumb\":{\"@id\":\"https:\/\/www.camping-rochelambert.com\/en\/omgeving-de-haute-loire\/#breadcrumb\"},\"inLanguage\":\"en-US\",\"potentialAction\":[{\"@type\":\"ReadAction\",\"target\":[\"https:\/\/www.camping-rochelambert.com\/en\/omgeving-de-haute-loire\/\"]}]},{\"@type\":\"ImageObject\",\"inLanguage\":\"en-US\",\"@id\":\"https:\/\/www.camping-rochelambert.com\/en\/omgeving-de-haute-loire\/#primaryimage\",\"url\":\"https:\/\/www.camping-rochelambert.com\/wp-content\/uploads\/2020\/12\/pays-haute-loire.jpg\",\"contentUrl\":\"https:\/\/www.camping-rochelambert.com\/wp-content\/uploads\/2020\/12\/pays-haute-loire.jpg\",\"width\":1903,\"height\":450,\"caption\":\"pays haute-loire\"},{\"@type\":\"BreadcrumbList\",\"@id\":\"https:\/\/www.camping-rochelambert.com\/en\/omgeving-de-haute-loire\/#breadcrumb\",\"itemListElement\":[{\"@type\":\"ListItem\",\"position\":1,\"name\":\"Camping Haute-Loire\",\"item\":\"https:\/\/www.camping-rochelambert.com\/en\/\"},{\"@type\":\"ListItem\",\"position\":2,\"name\":\"Discover the haute-loire\"}]},{\"@type\":\"WebSite\",\"@id\":\"https:\/\/www.camping-rochelambert.com\/en\/#website\",\"url\":\"https:\/\/www.camping-rochelambert.com\/en\/\",\"name\":\"Camping Rochelambert\",\"description\":\"\",\"potentialAction\":[{\"@type\":\"SearchAction\",\"target\":{\"@type\":\"EntryPoint\",\"urlTemplate\":\"https:\/\/www.camping-rochelambert.com\/en\/?s={search_term_string}\"},\"query-input\":{\"@type\":\"PropertyValueSpecification\",\"valueRequired\":true,\"valueName\":\"search_term_string\"}}],\"inLanguage\":\"en-US\"}]}<\/script>\n<!-- \/ Yoast SEO plugin. -->","yoast_head_json":{"title":"Camping Haute-Loire | Discover the Haute-Loire | Visit the Haute-Loire (43)","robots":{"index":"index","follow":"follow","max-snippet":"max-snippet:-1","max-image-preview":"max-image-preview:large","max-video-preview":"max-video-preview:-1"},"canonical":"https:\/\/www.camping-rochelambert.com\/en\/omgeving-de-haute-loire\/","og_locale":"en_US","og_type":"article","og_title":"Camping Haute-Loire | Discover the Haute-Loire | Visit the Haute-Loire (43)","og_url":"https:\/\/www.camping-rochelambert.com\/en\/omgeving-de-haute-loire\/","og_site_name":"Camping Rochelambert","article_modified_time":"2020-12-30T10:26:00+00:00","og_image":[{"width":1903,"height":450,"url":"https:\/\/www.camping-rochelambert.com\/wp-content\/uploads\/2020\/12\/pays-haute-loire.jpg","type":"image\/jpeg"}],"twitter_card":"summary_large_image","schema":{"@context":"https:\/\/schema.org","@graph":[{"@type":"WebPage","@id":"https:\/\/www.camping-rochelambert.com\/en\/omgeving-de-haute-loire\/","url":"https:\/\/www.camping-rochelambert.com\/en\/omgeving-de-haute-loire\/","name":"Camping Haute-Loire | Discover the Haute-Loire | Visit the Haute-Loire (43)","isPartOf":{"@id":"https:\/\/www.camping-rochelambert.com\/en\/#website"},"primaryImageOfPage":{"@id":"https:\/\/www.camping-rochelambert.com\/en\/omgeving-de-haute-loire\/#primaryimage"},"image":{"@id":"https:\/\/www.camping-rochelambert.com\/en\/omgeving-de-haute-loire\/#primaryimage"},"thumbnailUrl":"https:\/\/www.camping-rochelambert.com\/wp-content\/uploads\/2020\/12\/pays-haute-loire.jpg","datePublished":"2020-12-22T14:57:27+00:00","dateModified":"2020-12-30T10:26:00+00:00","breadcrumb":{"@id":"https:\/\/www.camping-rochelambert.com\/en\/omgeving-de-haute-loire\/#breadcrumb"},"inLanguage":"en-US","potentialAction":[{"@type":"ReadAction","target":["https:\/\/www.camping-rochelambert.com\/en\/omgeving-de-haute-loire\/"]}]},{"@type":"ImageObject","inLanguage":"en-US","@id":"https:\/\/www.camping-rochelambert.com\/en\/omgeving-de-haute-loire\/#primaryimage","url":"https:\/\/www.camping-rochelambert.com\/wp-content\/uploads\/2020\/12\/pays-haute-loire.jpg","contentUrl":"https:\/\/www.camping-rochelambert.com\/wp-content\/uploads\/2020\/12\/pays-haute-loire.jpg","width":1903,"height":450,"caption":"pays haute-loire"},{"@type":"BreadcrumbList","@id":"https:\/\/www.camping-rochelambert.com\/en\/omgeving-de-haute-loire\/#breadcrumb","itemListElement":[{"@type":"ListItem","position":1,"name":"Camping Haute-Loire","item":"https:\/\/www.camping-rochelambert.com\/en\/"},{"@type":"ListItem","position":2,"name":"Discover the haute-loire"}]},{"@type":"WebSite","@id":"https:\/\/www.camping-rochelambert.com\/en\/#website","url":"https:\/\/www.camping-rochelambert.com\/en\/","name":"Camping Rochelambert","description":"","potentialAction":[{"@type":"SearchAction","target":{"@type":"EntryPoint","urlTemplate":"https:\/\/www.camping-rochelambert.com\/en\/?s={search_term_string}"},"query-input":{"@type":"PropertyValueSpecification","valueRequired":true,"valueName":"search_term_string"}}],"inLanguage":"en-US"}]}},"_links":{"self":[{"href":"https:\/\/www.camping-rochelambert.com\/en\/wp-json\/wp\/v2\/pages\/2109"}],"collection":[{"href":"https:\/\/www.camping-rochelambert.com\/en\/wp-json\/wp\/v2\/pages"}],"about":[{"href":"https:\/\/www.camping-rochelambert.com\/en\/wp-json\/wp\/v2\/types\/page"}],"author":[{"embeddable":true,"href":"https:\/\/www.camping-rochelambert.com\/en\/wp-json\/wp\/v2\/users\/1"}],"replies":[{"embeddable":true,"href":"https:\/\/www.camping-rochelambert.com\/en\/wp-json\/wp\/v2\/comments?post=2109"}],"version-history":[{"count":10,"href":"https:\/\/www.camping-rochelambert.com\/en\/wp-json\/wp\/v2\/pages\/2109\/revisions"}],"predecessor-version":[{"id":3133,"href":"https:\/\/www.camping-rochelambert.com\/en\/wp-json\/wp\/v2\/pages\/2109\/revisions\/3133"}],"wp:featuredmedia":[{"embeddable":true,"href":"https:\/\/www.camping-rochelambert.com\/en\/wp-json\/wp\/v2\/media\/1863"}],"wp:attachment":[{"href":"https:\/\/www.camping-rochelambert.com\/en\/wp-json\/wp\/v2\/media?parent=2109"}],"curies":[{"name":"wp","href":"https:\/\/api.w.org\/{rel}","templated":true}]}}