{"id":2078,"date":"2020-12-22T15:27:38","date_gmt":"2020-12-22T14:27:38","guid":{"rendered":"https:\/\/www.camping-rochelambert.com\/?page_id=2078"},"modified":"2020-12-30T11:58:51","modified_gmt":"2020-12-30T10:58:51","slug":"omgeving-la-haute-loire","status":"publish","type":"page","link":"https:\/\/www.camping-rochelambert.com\/nl\/omgeving-la-haute-loire\/","title":{"rendered":"Omgeving : La Haute Loire"},"content":{"rendered":"<section id=\"section-5fb3ae43c9670\"\" class=\"section bg-white\" \/><div class=\"container extralarge\"><h1 class=\"element section-title center\">Bezoek de  Haute-Loire<\/h1><\/div><\/section>\n\n<section id=\"section-5fb3ae43c98f8\"\" class=\"section bg-color2 p-t-0 p-b-0\" \/><div class=\"container full\"><div class=\"colonnes-wrap valign-middle \"><div class=\"element colonne p-0\"><div class=\"element images scroll-x-mobile\"><div class=\"image\"><img decoding=\"async\" src=\"https:\/\/www.camping-rochelambert.com\/wp-content\/uploads\/2020\/12\/chateau-rochelambert-100x74.jpg\" data-src=\"https:\/\/www.camping-rochelambert.com\/wp-content\/uploads\/2020\/12\/chateau-rochelambert.jpg\" alt=\"kasteel rochelambert\" class=\"images_image\" \/><\/div><\/div><\/div><div class=\"element colonne p-x-8\"><h2 class=\"element section-title center\">Wat te zien en te doen in de Haute-Loire?<\/h2><div class=\"element bloc-text justify \">\n\t<p><sterke klasse=\"vetgedrukte kleur1\">300 vulkanen<\/sterke> staan vermeld in het zuiden van de Auvergne in de Haute-Loire. Kom en maak daar een wandeling en geniet van wat er te doen en te zien is op het terrein. <\/p>\n<p>Net naast de <a href=\"\/nl\/\">camping Auvergne<\/a> is er de prachtige <strong class=\"bold color1\">camping Canopy<\/strong> in het bos met indrukwekkende zip lines. Op de gemeente Saint-Paulien vindt u een skelter, een paintball en een watersportcentrum. <\/p>\n<p>We hebben <strong class=\"bold color1\">wandelen<\/strong> rond de camping gespot, we lenen u kaarten uit en geven u alle uitleg om ervan te genieten. We hebben ook wandelgidsen te leen. <\/p>\n<p>De <strong class=\"bold color1\">kasteel van de Rochelambert<\/strong> leunt al sinds de 11e eeuw tegen zijn basaltklif aan. Op 10 mn lopen van de ingang van de camping, zal het bezoek u betoveren met zijn museumstukken en de schoonheid van de constructie. <\/p>\n<\/div><\/div><\/div><\/div><\/section>\n\n<section id=\"section-5fb3ae43c9b1e\"\" class=\"section bg-white p-t-0 p-b-0\" \/><div class=\"container full\"><div class=\"element images scroll-x-mobile\"><div class=\"image\"><img decoding=\"async\" src=\"https:\/\/www.camping-rochelambert.com\/wp-content\/uploads\/2020\/11\/lavoute-polignac-100x84.jpg\" data-src=\"https:\/\/www.camping-rochelambert.com\/wp-content\/uploads\/2020\/11\/lavoute-polignac.jpg\" alt=\"lavoute polignac\" class=\"images_image\" \/><\/div><div class=\"image\"><img decoding=\"async\" src=\"https:\/\/www.camping-rochelambert.com\/wp-content\/uploads\/2020\/11\/mont-mezenc-100x84.jpg\" data-src=\"https:\/\/www.camping-rochelambert.com\/wp-content\/uploads\/2020\/11\/mont-mezenc.jpg\" alt=\"mont m\u00e9zenc\" class=\"images_image\" \/><\/div><div class=\"image\"><img decoding=\"async\" src=\"https:\/\/www.camping-rochelambert.com\/wp-content\/uploads\/2020\/11\/potence-et-mont-bar-allegre-100x84.jpg\" data-src=\"https:\/\/www.camping-rochelambert.com\/wp-content\/uploads\/2020\/11\/potence-et-mont-bar-allegre.jpg\" alt=\"potence en mont bar all\u00e8gre\" class=\"images_image\" \/><\/div><div class=\"image\"><img decoding=\"async\" src=\"https:\/\/www.camping-rochelambert.com\/wp-content\/uploads\/2020\/11\/lac-du-bouchet-100x84.jpg\" data-src=\"https:\/\/www.camping-rochelambert.com\/wp-content\/uploads\/2020\/11\/lac-du-bouchet.jpg\" alt=\"Meer van bouchet\" class=\"images_image\" \/><\/div><\/div><\/div><\/section>\n\n<section id=\"section-5fb3a72228e22\"\" class=\"section bg-color2 p-t-0 p-b-0\" \/><div class=\"container full\"><div class=\"colonnes-wrap valign-middle \"><div class=\"element colonne p-x-8\"><h2 class=\"element section-title center\">Kastelen in Haute-Loire<\/h2><div class=\"element bloc-text justify \">\n\t<p>Tussen de camping en <a href=\"https:\/\/www.camping-rochelambert.com\/nl\/kamperen-puy-en-velay\/\">Le Puy-en-Velay<\/a>, zal het fort van Saint-Vidal u verhalen vertellen over de grote geschiedenis van Frankrijk. Tijdens uw zwerfbezoek heeft u minstens \u00e9\u00e9n verrassing per kamer! Een <sterke klasse=\"vetgedrukte kleur1\">grootteshow<\/sterke> met gekostumeerde acteurs, animaties die de nieuwste technologie\u00ebn spelen&#8230;<\/p>\n<p>Een of twee avonden per week, in het hoogseizoen zorgt een show met 200 extra&#8217;s ervoor dat u een historische aanval op het kasteel herbeleeft. Kortingen voor de gebruikers van de camping worden aangeboden.<\/p>\n<p>Ook op 10 km van de camping stelt de <strong class=\"bold color1\">fortress van Polignac<\/strong> u voor om de Middeleeuwen te ontdekken. Gebouwd op een rotsachtig voorgebergte, beschermd door kliffen, heeft het vaak gevochten tegen indringers. We houden van het aspect van het ge\u00efsoleerde en versterkte eiland uit de moderne tijd. <\/p>\n<p>Uw kinderen zullen het heerlijk vinden om de schattenjacht te ontdekken en te spelen die door het toeristenbureau wordt georganiseerd.<\/p>\n<p><strong class=\"bold color1\">Mundane notebook :<\/strong> het is een Polignac die, door te trouwen met een Grimaldi, een zoon zal krijgen die Prins Rainier, vader van Prins Albert, huidige soeverein van het Vorstendom Monaco, zal zijn. <\/p>\n<p>In de buurt van de camping bezoek <strong class=\"old color1\">All\u00e8gre en zijn galg<\/strong>. Dit is een uniek stenen frame voor uw panoramafoto&#8217;s van het Velay-plateau en zijn vulkanen in de Auvergne. Vlak voor het dorp toont de Mont Bar en zijn wandeling rond de krater een veenmoeras en zijn kostbare flora. De makkelijke wandeling van ongeveer 2 uur is doorspekt met gokborden voor kinderen.<br \/>\nEr zijn nog veel plaatsen met kastelen te bezoeken. <\/p>\n<\/div><\/div><div class=\"element colonne p-0\"><div class=\"element images scroll-x-mobile\"><div class=\"image\"><img decoding=\"async\" src=\"https:\/\/www.camping-rochelambert.com\/wp-content\/uploads\/2020\/11\/forteresse-de-polignac-100x79.jpg\" data-src=\"https:\/\/www.camping-rochelambert.com\/wp-content\/uploads\/2020\/11\/forteresse-de-polignac.jpg\" alt=\"bolwerk van polignac\" class=\"images_image\" \/><\/div><\/div><\/div><\/div><\/div><\/section>\n\n<section id=\"section-5fb3a725560e8\"\" class=\"section bg-color2 p-t-0 p-b-0\" \/><div class=\"container full\"><div class=\"colonnes-wrap valign-middle \"><div class=\"element colonne p-0\"><div class=\"element images scroll-x-mobile\"><div class=\"image\"><img decoding=\"async\" src=\"https:\/\/www.camping-rochelambert.com\/wp-content\/uploads\/2020\/11\/la-chaise-dieu-100x79.jpg\" data-src=\"https:\/\/www.camping-rochelambert.com\/wp-content\/uploads\/2020\/11\/la-chaise-dieu.jpg\" alt=\"de chaise dieu\" class=\"images_image\" \/><\/div><\/div><\/div><div class=\"element colonne p-x-8\"><h2 class=\"element section-title center\">Andere bezoeken in de Haute-Loire<\/h2><div class=\"element bloc-text justify \">\n\t<p>We houden van de <sterke klasse=\"vette kleur1\">lac du Bouchet<\/sterke> ! Een perfecte ronde omgeven door dicht groen. Het is de perfecte illustratie van wat een vulkaanmeer is. Neem je zwembroek mee, we kunnen erin zwemmen. <\/p>\n<p>Onderweg is een stop bij de Beaume waterval een must. Het elegante grijze watergordijn kan worden ontdekt na een korte wandeling van 20 minuten.  <\/p>\n<p><La Chaise-Dieu<\/strong> is beroemd om zijn muziekfestival. Het hele jaar door laten rondleidingen u een plek ontdekken vol geloof en verhalen die meer dan 1000 jaar teruggaan. Een paus is er begraven, een fresco van macabere dans, 15e eeuwse wandtapijten, een klooster wordt aan u onthuld. <\/p>\n<p>De <strong class=\"bold color1\">Gorges de l&#8217;Allier<\/strong> zijn echt mooi en wild. We raden u aan om met de kano of rafting naar beneden te gaan. De <strong class=\"bold color1\">kloven van de jonge Loire<\/strong> bieden prachtige landschappen en enkele rivierzwemstranden. <\/p>\n<p>Iets verderop scheidt de Mont M\u00e9zenc (uitgesproken [m\u00e9zin]) de Haute-Loire van de Ard\u00e8che. Op 45 minuten van de camping kunt u zomers rodelen in het Lugikpark of een berglandschap tegenkomen met een ongelofelijk uitzicht tot aan de Alpen. Er zijn veel mooie wandelingen te maken op en rond deze top.  <\/p>\n<\/div><\/div><\/div><\/div><\/section>\n\n<section id=\"section-5fb3ae43ca1b6\"\" class=\"section bg-white p-b-0\" \/><div class=\"container extralarge\"><div class=\"element section-title center\">Ontdek de omgeving van de Haute-Loire<\/div><ul class=\"liste-de-page\"><li class=\"element call-to-action center call-to-action--style-1 call-to-action--normal\"><a href=\"https:\/\/www.camping-rochelambert.com\/nl\/kamperen-puy-en-velay\/\"  class=\"call-to-action_link\" title=\"Meer informatie over le puy-en-velay\"><div class=\"call-to-action_image\"><img decoding=\"async\" src=\"https:\/\/www.camping-rochelambert.com\/wp-content\/uploads\/2020\/11\/puy-en-velay-100x75.jpg\" data-src=\"https:\/\/www.camping-rochelambert.com\/wp-content\/uploads\/2020\/11\/puy-en-velay.jpg\" alt=\"puy en velay\" class=\"normal\" \/><\/div><div class=\"call-to-action_contenu\"><div class=\"call-to-action_titre\">Le Puy-en-Velay<\/div><\/div><\/a><\/li><li class=\"element call-to-action center call-to-action--style-1 call-to-action--normal call-to-action--style-1 call-to-action--normal\"><a href=\"https:\/\/www.camping-rochelambert.com\/nl\/kamperen-ecologie\/\"  class=\"call-to-action_link\" title=\"Meer informatie over milieubescherming\"><div class=\"call-to-action_image\"><img decoding=\"async\" src=\"https:\/\/www.camping-rochelambert.com\/wp-content\/uploads\/2020\/11\/plantation-jardin-2-100x84.jpg\" data-src=\"https:\/\/www.camping-rochelambert.com\/wp-content\/uploads\/2020\/11\/plantation-jardin-2.jpg\" alt=\"plantation jardin\" class=\"normal\" \/><\/div><div class=\"call-to-action_contenu\"><div class=\"call-to-action_titre\">Milieubescherming<\/div><\/div><\/a><\/li><li class=\"element call-to-action center call-to-action--style-1 call-to-action--normal call-to-action--style-1 call-to-action--normal call-to-action--style-1 call-to-action--normal\"><a href=\"https:\/\/www.camping-rochelambert.com\/nl\/water-rivieroever\/\"  class=\"call-to-action_link\" title=\"Meer informatie over de rivieroever\"><div class=\"call-to-action_image\"><img decoding=\"async\" src=\"https:\/\/www.camping-rochelambert.com\/wp-content\/uploads\/2020\/11\/enfant-peche-famille-100x75.jpg\" data-src=\"https:\/\/www.camping-rochelambert.com\/wp-content\/uploads\/2020\/11\/enfant-peche-famille.jpg\" alt=\"enfant peche famille\" class=\"normal\" \/><\/div><div class=\"call-to-action_contenu\"><div class=\"call-to-action_titre\">De rivieroever<\/div><\/div><\/a><\/li><\/ul><\/div><\/section>","protected":false},"excerpt":{"rendered":"","protected":false},"author":1,"featured_media":1862,"parent":0,"menu_order":0,"comment_status":"closed","ping_status":"closed","template":"","meta":{"_acf_changed":false,"footnotes":""},"class_list":["post-2078","page","type-page","status-publish","has-post-thumbnail","hentry"],"acf":[],"yoast_head":"<!-- This site is optimized with the Yoast SEO plugin v25.3 - https:\/\/yoast.com\/wordpress\/plugins\/seo\/ -->\n<title>Camping Haute-Loire | Ontdek de Haute-Loire | Bezoek de Haute-Loire (43)<\/title>\n<meta name=\"robots\" content=\"index, follow, max-snippet:-1, max-image-preview:large, max-video-preview:-1\" \/>\n<link rel=\"canonical\" href=\"https:\/\/www.camping-rochelambert.com\/nl\/omgeving-la-haute-loire\/\" \/>\n<meta property=\"og:locale\" content=\"nl_NL\" \/>\n<meta property=\"og:type\" content=\"article\" \/>\n<meta property=\"og:title\" content=\"Camping Haute-Loire | Ontdek de Haute-Loire | Bezoek de Haute-Loire (43)\" \/>\n<meta property=\"og:url\" content=\"https:\/\/www.camping-rochelambert.com\/nl\/omgeving-la-haute-loire\/\" \/>\n<meta property=\"og:site_name\" content=\"Camping Rochelambert\" \/>\n<meta property=\"article:modified_time\" content=\"2020-12-30T10:58:51+00:00\" \/>\n<meta property=\"og:image\" content=\"https:\/\/www.camping-rochelambert.com\/wp-content\/uploads\/2020\/12\/pays-haute-loire.jpg\" \/>\n\t<meta property=\"og:image:width\" content=\"1903\" \/>\n\t<meta property=\"og:image:height\" content=\"450\" \/>\n\t<meta property=\"og:image:type\" content=\"image\/jpeg\" \/>\n<meta name=\"twitter:card\" content=\"summary_large_image\" \/>\n<script type=\"application\/ld+json\" class=\"yoast-schema-graph\">{\"@context\":\"https:\/\/schema.org\",\"@graph\":[{\"@type\":\"WebPage\",\"@id\":\"https:\/\/www.camping-rochelambert.com\/nl\/omgeving-la-haute-loire\/\",\"url\":\"https:\/\/www.camping-rochelambert.com\/nl\/omgeving-la-haute-loire\/\",\"name\":\"Camping Haute-Loire | Ontdek de Haute-Loire | Bezoek de Haute-Loire (43)\",\"isPartOf\":{\"@id\":\"https:\/\/www.camping-rochelambert.com\/nl\/#website\"},\"primaryImageOfPage\":{\"@id\":\"https:\/\/www.camping-rochelambert.com\/nl\/omgeving-la-haute-loire\/#primaryimage\"},\"image\":{\"@id\":\"https:\/\/www.camping-rochelambert.com\/nl\/omgeving-la-haute-loire\/#primaryimage\"},\"thumbnailUrl\":\"https:\/\/www.camping-rochelambert.com\/wp-content\/uploads\/2020\/12\/pays-haute-loire.jpg\",\"datePublished\":\"2020-12-22T14:27:38+00:00\",\"dateModified\":\"2020-12-30T10:58:51+00:00\",\"breadcrumb\":{\"@id\":\"https:\/\/www.camping-rochelambert.com\/nl\/omgeving-la-haute-loire\/#breadcrumb\"},\"inLanguage\":\"nl-NL\",\"potentialAction\":[{\"@type\":\"ReadAction\",\"target\":[\"https:\/\/www.camping-rochelambert.com\/nl\/omgeving-la-haute-loire\/\"]}]},{\"@type\":\"ImageObject\",\"inLanguage\":\"nl-NL\",\"@id\":\"https:\/\/www.camping-rochelambert.com\/nl\/omgeving-la-haute-loire\/#primaryimage\",\"url\":\"https:\/\/www.camping-rochelambert.com\/wp-content\/uploads\/2020\/12\/pays-haute-loire.jpg\",\"contentUrl\":\"https:\/\/www.camping-rochelambert.com\/wp-content\/uploads\/2020\/12\/pays-haute-loire.jpg\",\"width\":1903,\"height\":450,\"caption\":\"pays haute-loire\"},{\"@type\":\"BreadcrumbList\",\"@id\":\"https:\/\/www.camping-rochelambert.com\/nl\/omgeving-la-haute-loire\/#breadcrumb\",\"itemListElement\":[{\"@type\":\"ListItem\",\"position\":1,\"name\":\"Camping Haute-Loire\",\"item\":\"https:\/\/www.camping-rochelambert.com\/nl\/\"},{\"@type\":\"ListItem\",\"position\":2,\"name\":\"Ontdek de haute-loire\"}]},{\"@type\":\"WebSite\",\"@id\":\"https:\/\/www.camping-rochelambert.com\/nl\/#website\",\"url\":\"https:\/\/www.camping-rochelambert.com\/nl\/\",\"name\":\"Camping Rochelambert\",\"description\":\"\",\"potentialAction\":[{\"@type\":\"SearchAction\",\"target\":{\"@type\":\"EntryPoint\",\"urlTemplate\":\"https:\/\/www.camping-rochelambert.com\/nl\/?s={search_term_string}\"},\"query-input\":{\"@type\":\"PropertyValueSpecification\",\"valueRequired\":true,\"valueName\":\"search_term_string\"}}],\"inLanguage\":\"nl-NL\"}]}<\/script>\n<!-- \/ Yoast SEO plugin. -->","yoast_head_json":{"title":"Camping Haute-Loire | Ontdek de Haute-Loire | Bezoek de Haute-Loire (43)","robots":{"index":"index","follow":"follow","max-snippet":"max-snippet:-1","max-image-preview":"max-image-preview:large","max-video-preview":"max-video-preview:-1"},"canonical":"https:\/\/www.camping-rochelambert.com\/nl\/omgeving-la-haute-loire\/","og_locale":"nl_NL","og_type":"article","og_title":"Camping Haute-Loire | Ontdek de Haute-Loire | Bezoek de Haute-Loire (43)","og_url":"https:\/\/www.camping-rochelambert.com\/nl\/omgeving-la-haute-loire\/","og_site_name":"Camping Rochelambert","article_modified_time":"2020-12-30T10:58:51+00:00","og_image":[{"width":1903,"height":450,"url":"https:\/\/www.camping-rochelambert.com\/wp-content\/uploads\/2020\/12\/pays-haute-loire.jpg","type":"image\/jpeg"}],"twitter_card":"summary_large_image","schema":{"@context":"https:\/\/schema.org","@graph":[{"@type":"WebPage","@id":"https:\/\/www.camping-rochelambert.com\/nl\/omgeving-la-haute-loire\/","url":"https:\/\/www.camping-rochelambert.com\/nl\/omgeving-la-haute-loire\/","name":"Camping Haute-Loire | Ontdek de Haute-Loire | Bezoek de Haute-Loire (43)","isPartOf":{"@id":"https:\/\/www.camping-rochelambert.com\/nl\/#website"},"primaryImageOfPage":{"@id":"https:\/\/www.camping-rochelambert.com\/nl\/omgeving-la-haute-loire\/#primaryimage"},"image":{"@id":"https:\/\/www.camping-rochelambert.com\/nl\/omgeving-la-haute-loire\/#primaryimage"},"thumbnailUrl":"https:\/\/www.camping-rochelambert.com\/wp-content\/uploads\/2020\/12\/pays-haute-loire.jpg","datePublished":"2020-12-22T14:27:38+00:00","dateModified":"2020-12-30T10:58:51+00:00","breadcrumb":{"@id":"https:\/\/www.camping-rochelambert.com\/nl\/omgeving-la-haute-loire\/#breadcrumb"},"inLanguage":"nl-NL","potentialAction":[{"@type":"ReadAction","target":["https:\/\/www.camping-rochelambert.com\/nl\/omgeving-la-haute-loire\/"]}]},{"@type":"ImageObject","inLanguage":"nl-NL","@id":"https:\/\/www.camping-rochelambert.com\/nl\/omgeving-la-haute-loire\/#primaryimage","url":"https:\/\/www.camping-rochelambert.com\/wp-content\/uploads\/2020\/12\/pays-haute-loire.jpg","contentUrl":"https:\/\/www.camping-rochelambert.com\/wp-content\/uploads\/2020\/12\/pays-haute-loire.jpg","width":1903,"height":450,"caption":"pays haute-loire"},{"@type":"BreadcrumbList","@id":"https:\/\/www.camping-rochelambert.com\/nl\/omgeving-la-haute-loire\/#breadcrumb","itemListElement":[{"@type":"ListItem","position":1,"name":"Camping Haute-Loire","item":"https:\/\/www.camping-rochelambert.com\/nl\/"},{"@type":"ListItem","position":2,"name":"Ontdek de haute-loire"}]},{"@type":"WebSite","@id":"https:\/\/www.camping-rochelambert.com\/nl\/#website","url":"https:\/\/www.camping-rochelambert.com\/nl\/","name":"Camping Rochelambert","description":"","potentialAction":[{"@type":"SearchAction","target":{"@type":"EntryPoint","urlTemplate":"https:\/\/www.camping-rochelambert.com\/nl\/?s={search_term_string}"},"query-input":{"@type":"PropertyValueSpecification","valueRequired":true,"valueName":"search_term_string"}}],"inLanguage":"nl-NL"}]}},"_links":{"self":[{"href":"https:\/\/www.camping-rochelambert.com\/nl\/wp-json\/wp\/v2\/pages\/2078"}],"collection":[{"href":"https:\/\/www.camping-rochelambert.com\/nl\/wp-json\/wp\/v2\/pages"}],"about":[{"href":"https:\/\/www.camping-rochelambert.com\/nl\/wp-json\/wp\/v2\/types\/page"}],"author":[{"embeddable":true,"href":"https:\/\/www.camping-rochelambert.com\/nl\/wp-json\/wp\/v2\/users\/1"}],"replies":[{"embeddable":true,"href":"https:\/\/www.camping-rochelambert.com\/nl\/wp-json\/wp\/v2\/comments?post=2078"}],"version-history":[{"count":10,"href":"https:\/\/www.camping-rochelambert.com\/nl\/wp-json\/wp\/v2\/pages\/2078\/revisions"}],"predecessor-version":[{"id":3176,"href":"https:\/\/www.camping-rochelambert.com\/nl\/wp-json\/wp\/v2\/pages\/2078\/revisions\/3176"}],"wp:featuredmedia":[{"embeddable":true,"href":"https:\/\/www.camping-rochelambert.com\/nl\/wp-json\/wp\/v2\/media\/1862"}],"wp:attachment":[{"href":"https:\/\/www.camping-rochelambert.com\/nl\/wp-json\/wp\/v2\/media?parent=2078"}],"curies":[{"name":"wp","href":"https:\/\/api.w.org\/{rel}","templated":true}]}}